{"id":11517,"date":"2017-08-07T22:19:48","date_gmt":"2017-08-08T02:19:48","guid":{"rendered":"https:\/\/feracheval.ca\/?page_id=11517"},"modified":"2020-02-11T13:15:07","modified_gmt":"2020-02-11T18:15:07","slug":"newsletter-email-validation-message","status":"publish","type":"page","link":"https:\/\/feracheval.ca\/en\/newsletter-email-validation-message\/","title":{"rendered":"Newsletter &#8211; Email Validation Message"},"content":{"rendered":"<p>[et_pb_section fb_built=&#8221;1&#8243; _builder_version=&#8221;3.22&#8243;][et_pb_row _builder_version=&#8221;3.25&#8243; background_size=&#8221;initial&#8221; background_position=&#8221;top_left&#8221; background_repeat=&#8221;repeat&#8221;][et_pb_column type=&#8221;4_4&#8243; _builder_version=&#8221;3.25&#8243; custom_padding=&#8221;|||&#8221; custom_padding__hover=&#8221;|||&#8221;][et_pb_text _builder_version=&#8221;4.0.11&#8243; background_size=&#8221;initial&#8221; background_position=&#8221;top_left&#8221; background_repeat=&#8221;repeat&#8221;]<\/p>\n<p>\n<script>\/\/ <![CDATA[ fbq('track', 'Lead'); \/\/ ]]><\/script>\n<\/p>\n<h3><strong>You\u2019re almost done!<\/strong><\/h3>\n<p>Check your Inbox for the confirmation email we\u2019ve just sent you and simply click the link inside to confirm your email.Just one more step to complete your registration.<\/p>\n<p>[\/et_pb_text][\/et_pb_column][\/et_pb_row][\/et_pb_section]<\/p>\n","protected":false},"excerpt":{"rendered":"<p>[et_pb_section fb_built=&#8221;1&#8243; _builder_version=&#8221;3.22&#8243;][et_pb_row _builder_version=&#8221;3.25&#8243; background_size=&#8221;initial&#8221; background_position=&#8221;top_left&#8221; background_repeat=&#8221;repeat&#8221;][et_pb_column type=&#8221;4_4&#8243; _builder_version=&#8221;3.25&#8243; custom_padding=&#8221;|||&#8221; custom_padding__hover=&#8221;|||&#8221;][et_pb_text _builder_version=&#8221;4.0.11&#8243; background_size=&#8221;initial&#8221; background_position=&#8221;top_left&#8221; background_repeat=&#8221;repeat&#8221;] You\u2019re almost done! Check your Inbox for the confirmation email we\u2019ve just sent you and simply click the link inside to confirm your email.Just one more step to complete your registration. [\/et_pb_text][\/et_pb_column][\/et_pb_row][\/et_pb_section]<\/p>\n","protected":false},"author":1,"featured_media":0,"parent":0,"menu_order":0,"comment_status":"closed","ping_status":"closed","template":"","meta":{"_et_pb_use_builder":"on","_et_pb_old_content":"<p><script>\r\n  fbq('track', 'Lead');\r\n<\/script><\/p><h3><strong>You\u2019re almost done!<\/strong><\/h3><div class=\"fb-page\" style=\"float: right; margin-left: 30px;\" data-href=\"https:\/\/www.facebook.com\/PourvoirieFerACheval\/\" data-tabs=\"timeline\" data-width=\"400\" data-height=\"310\" data-small-header=\"false\" data-adapt-container-width=\"true\" data-hide-cover=\"false\" data-show-facepile=\"true\"><blockquote class=\"fb-xfbml-parse-ignore\" cite=\"https:\/\/www.facebook.com\/PourvoirieFerACheval\/\"><p><a href=\"https:\/\/www.facebook.com\/PourvoirieFerACheval\/\">Pourvoirie Fer A Cheval (Chasse,Peche,Quad-VTT,Motoneige)<\/a><\/p><\/blockquote><\/div><p>Just one more step to complete your registration.<\/p><p>Check your Inbox for the confirmation email we\u2019ve just sent you and simply click the link inside to confirm your email.<\/p>","_monsterinsights_skip_tracking":false,"_monsterinsights_sitenote_active":false,"_monsterinsights_sitenote_note":"","_monsterinsights_sitenote_category":0,"ngg_post_thumbnail":0,"footnotes":""},"class_list":["post-11517","page","type-page","status-publish","hentry"],"yoast_head":"<!-- This site is optimized with the Yoast SEO plugin v27.4 - https:\/\/yoast.com\/product\/yoast-seo-wordpress\/ -->\n<title>Newsletter - Email Validation Message - My Site<\/title>\n<meta name=\"robots\" content=\"index, follow, max-snippet:-1, max-image-preview:large, max-video-preview:-1\" \/>\n<link rel=\"canonical\" href=\"https:\/\/feracheval.ca\/en\/newsletter-email-validation-message\/\" \/>\n<meta property=\"og:locale\" content=\"en_US\" \/>\n<meta property=\"og:type\" content=\"article\" \/>\n<meta property=\"og:title\" content=\"Newsletter - Email Validation Message - My Site\" \/>\n<meta property=\"og:description\" content=\"[et_pb_section fb_built=&#8221;1&#8243; _builder_version=&#8221;3.22&#8243;][et_pb_row _builder_version=&#8221;3.25&#8243; background_size=&#8221;initial&#8221; background_position=&#8221;top_left&#8221; background_repeat=&#8221;repeat&#8221;][et_pb_column type=&#8221;4_4&#8243; _builder_version=&#8221;3.25&#8243; custom_padding=&#8221;|||&#8221; custom_padding__hover=&#8221;|||&#8221;][et_pb_text _builder_version=&#8221;4.0.11&#8243; background_size=&#8221;initial&#8221; background_position=&#8221;top_left&#8221; background_repeat=&#8221;repeat&#8221;] You\u2019re almost done! Check your Inbox for the confirmation email we\u2019ve just sent you and simply click the link inside to confirm your email.Just one more step to complete your registration. [\/et_pb_text][\/et_pb_column][\/et_pb_row][\/et_pb_section]\" \/>\n<meta property=\"og:url\" content=\"https:\/\/feracheval.ca\/en\/newsletter-email-validation-message\/\" \/>\n<meta property=\"og:site_name\" content=\"My Site\" \/>\n<meta property=\"article:modified_time\" content=\"2020-02-11T18:15:07+00:00\" \/>\n<meta name=\"twitter:card\" content=\"summary_large_image\" \/>\n<script type=\"application\/ld+json\" class=\"yoast-schema-graph\">{\"@context\":\"https:\\\/\\\/schema.org\",\"@graph\":[{\"@type\":\"WebPage\",\"@id\":\"https:\\\/\\\/feracheval.ca\\\/en\\\/newsletter-email-validation-message\\\/\",\"url\":\"https:\\\/\\\/feracheval.ca\\\/en\\\/newsletter-email-validation-message\\\/\",\"name\":\"Newsletter - Email Validation Message - My Site\",\"isPartOf\":{\"@id\":\"https:\\\/\\\/feracheval.ca\\\/en\\\/#website\"},\"datePublished\":\"2017-08-08T02:19:48+00:00\",\"dateModified\":\"2020-02-11T18:15:07+00:00\",\"breadcrumb\":{\"@id\":\"https:\\\/\\\/feracheval.ca\\\/en\\\/newsletter-email-validation-message\\\/#breadcrumb\"},\"inLanguage\":\"en-US\",\"potentialAction\":[{\"@type\":\"ReadAction\",\"target\":[\"https:\\\/\\\/feracheval.ca\\\/en\\\/newsletter-email-validation-message\\\/\"]}]},{\"@type\":\"BreadcrumbList\",\"@id\":\"https:\\\/\\\/feracheval.ca\\\/en\\\/newsletter-email-validation-message\\\/#breadcrumb\",\"itemListElement\":[{\"@type\":\"ListItem\",\"position\":1,\"name\":\"Accueil\",\"item\":\"https:\\\/\\\/feracheval.ca\\\/en\\\/\"},{\"@type\":\"ListItem\",\"position\":2,\"name\":\"Newsletter &#8211; Email Validation Message\"}]},{\"@type\":\"WebSite\",\"@id\":\"https:\\\/\\\/feracheval.ca\\\/en\\\/#website\",\"url\":\"https:\\\/\\\/feracheval.ca\\\/en\\\/\",\"name\":\"My Site\",\"description\":\"Du r\u00eave \u00e0 la r\u00e9alit\u00e9\",\"potentialAction\":[{\"@type\":\"SearchAction\",\"target\":{\"@type\":\"EntryPoint\",\"urlTemplate\":\"https:\\\/\\\/feracheval.ca\\\/en\\\/?s={search_term_string}\"},\"query-input\":{\"@type\":\"PropertyValueSpecification\",\"valueRequired\":true,\"valueName\":\"search_term_string\"}}],\"inLanguage\":\"en-US\"}]}<\/script>\n<!-- \/ Yoast SEO plugin. -->","yoast_head_json":{"title":"Newsletter - Email Validation Message - My Site","robots":{"index":"index","follow":"follow","max-snippet":"max-snippet:-1","max-image-preview":"max-image-preview:large","max-video-preview":"max-video-preview:-1"},"canonical":"https:\/\/feracheval.ca\/en\/newsletter-email-validation-message\/","og_locale":"en_US","og_type":"article","og_title":"Newsletter - Email Validation Message - My Site","og_description":"[et_pb_section fb_built=&#8221;1&#8243; _builder_version=&#8221;3.22&#8243;][et_pb_row _builder_version=&#8221;3.25&#8243; background_size=&#8221;initial&#8221; background_position=&#8221;top_left&#8221; background_repeat=&#8221;repeat&#8221;][et_pb_column type=&#8221;4_4&#8243; _builder_version=&#8221;3.25&#8243; custom_padding=&#8221;|||&#8221; custom_padding__hover=&#8221;|||&#8221;][et_pb_text _builder_version=&#8221;4.0.11&#8243; background_size=&#8221;initial&#8221; background_position=&#8221;top_left&#8221; background_repeat=&#8221;repeat&#8221;] You\u2019re almost done! Check your Inbox for the confirmation email we\u2019ve just sent you and simply click the link inside to confirm your email.Just one more step to complete your registration. [\/et_pb_text][\/et_pb_column][\/et_pb_row][\/et_pb_section]","og_url":"https:\/\/feracheval.ca\/en\/newsletter-email-validation-message\/","og_site_name":"My Site","article_modified_time":"2020-02-11T18:15:07+00:00","twitter_card":"summary_large_image","schema":{"@context":"https:\/\/schema.org","@graph":[{"@type":"WebPage","@id":"https:\/\/feracheval.ca\/en\/newsletter-email-validation-message\/","url":"https:\/\/feracheval.ca\/en\/newsletter-email-validation-message\/","name":"Newsletter - Email Validation Message - My Site","isPartOf":{"@id":"https:\/\/feracheval.ca\/en\/#website"},"datePublished":"2017-08-08T02:19:48+00:00","dateModified":"2020-02-11T18:15:07+00:00","breadcrumb":{"@id":"https:\/\/feracheval.ca\/en\/newsletter-email-validation-message\/#breadcrumb"},"inLanguage":"en-US","potentialAction":[{"@type":"ReadAction","target":["https:\/\/feracheval.ca\/en\/newsletter-email-validation-message\/"]}]},{"@type":"BreadcrumbList","@id":"https:\/\/feracheval.ca\/en\/newsletter-email-validation-message\/#breadcrumb","itemListElement":[{"@type":"ListItem","position":1,"name":"Accueil","item":"https:\/\/feracheval.ca\/en\/"},{"@type":"ListItem","position":2,"name":"Newsletter &#8211; Email Validation Message"}]},{"@type":"WebSite","@id":"https:\/\/feracheval.ca\/en\/#website","url":"https:\/\/feracheval.ca\/en\/","name":"My Site","description":"Du r\u00eave \u00e0 la r\u00e9alit\u00e9","potentialAction":[{"@type":"SearchAction","target":{"@type":"EntryPoint","urlTemplate":"https:\/\/feracheval.ca\/en\/?s={search_term_string}"},"query-input":{"@type":"PropertyValueSpecification","valueRequired":true,"valueName":"search_term_string"}}],"inLanguage":"en-US"}]}},"_links":{"self":[{"href":"https:\/\/feracheval.ca\/en\/wp-json\/wp\/v2\/pages\/11517","targetHints":{"allow":["GET"]}}],"collection":[{"href":"https:\/\/feracheval.ca\/en\/wp-json\/wp\/v2\/pages"}],"about":[{"href":"https:\/\/feracheval.ca\/en\/wp-json\/wp\/v2\/types\/page"}],"author":[{"embeddable":true,"href":"https:\/\/feracheval.ca\/en\/wp-json\/wp\/v2\/users\/1"}],"replies":[{"embeddable":true,"href":"https:\/\/feracheval.ca\/en\/wp-json\/wp\/v2\/comments?post=11517"}],"version-history":[{"count":5,"href":"https:\/\/feracheval.ca\/en\/wp-json\/wp\/v2\/pages\/11517\/revisions"}],"predecessor-version":[{"id":15134,"href":"https:\/\/feracheval.ca\/en\/wp-json\/wp\/v2\/pages\/11517\/revisions\/15134"}],"wp:attachment":[{"href":"https:\/\/feracheval.ca\/en\/wp-json\/wp\/v2\/media?parent=11517"}],"curies":[{"name":"wp","href":"https:\/\/api.w.org\/{rel}","templated":true}]}}