{"id":14367,"date":"2020-01-24T13:07:16","date_gmt":"2020-01-24T18:07:16","guid":{"rendered":"https:\/\/feracheval.ca\/?page_id=14367"},"modified":"2020-04-26T11:28:50","modified_gmt":"2020-04-26T15:28:50","slug":"blog-2","status":"publish","type":"page","link":"https:\/\/feracheval.ca\/en\/blog-2\/","title":{"rendered":"Blog"},"content":{"rendered":"<p>[et_pb_section fb_built=&#8221;1&#8243; _builder_version=&#8221;4.0.11&#8243;][et_pb_row column_structure=&#8221;2_3,1_3&#8243; _builder_version=&#8221;4.0.11&#8243; width=&#8221;100%&#8221; custom_margin=&#8221;0px||||false|false&#8221;][et_pb_column type=&#8221;2_3&#8243; _builder_version=&#8221;4.0.11&#8243;][et_pb_blog posts_number=&#8221;12&#8243; include_categories=&#8221;all&#8221; use_manual_excerpt=&#8221;off&#8221; show_more=&#8221;on&#8221; show_author=&#8221;off&#8221; show_date=&#8221;off&#8221; show_categories=&#8221;off&#8221; _builder_version=&#8221;4.0.11&#8243; header_font=&#8221;||||||||&#8221; read_more_font=&#8221;|700||on|||||&#8221; read_more_text_color=&#8221;#769a48&#8243; pagination_font=&#8221;|700||on|||||&#8221; pagination_text_color=&#8221;#ffffff&#8221; pagination_letter_spacing=&#8221;1px&#8221; width=&#8221;100%&#8221; max_width=&#8221;100%&#8221; height=&#8221;1000px&#8221; custom_margin=&#8221;0px||||false|false&#8221; custom_padding=&#8221;0px||||false|false&#8221; border_width_all=&#8221;-1px&#8221; border_color_all_image=&#8221;#ffffff&#8221;][\/et_pb_blog][\/et_pb_column][et_pb_column type=&#8221;1_3&#8243; _builder_version=&#8221;4.0.11&#8243;][et_pb_sidebar _builder_version=&#8221;4.0.11&#8243; background_color=&#8221;rgba(0,0,0,0)&#8221;][\/et_pb_sidebar][\/et_pb_column][\/et_pb_row][\/et_pb_section]<\/p>\n","protected":false},"excerpt":{"rendered":"<p>[et_pb_section fb_built=&#8221;1&#8243; _builder_version=&#8221;4.0.11&#8243;][et_pb_row column_structure=&#8221;2_3,1_3&#8243; _builder_version=&#8221;4.0.11&#8243; width=&#8221;100%&#8221; custom_margin=&#8221;0px||||false|false&#8221;][et_pb_column type=&#8221;2_3&#8243; _builder_version=&#8221;4.0.11&#8243;][et_pb_blog posts_number=&#8221;12&#8243; include_categories=&#8221;all&#8221; use_manual_excerpt=&#8221;off&#8221; show_more=&#8221;on&#8221; show_author=&#8221;off&#8221; show_date=&#8221;off&#8221; show_categories=&#8221;off&#8221; _builder_version=&#8221;4.0.11&#8243; header_font=&#8221;||||||||&#8221; read_more_font=&#8221;|700||on|||||&#8221; read_more_text_color=&#8221;#769a48&#8243; pagination_font=&#8221;|700||on|||||&#8221; pagination_text_color=&#8221;#ffffff&#8221; pagination_letter_spacing=&#8221;1px&#8221; width=&#8221;100%&#8221; max_width=&#8221;100%&#8221; height=&#8221;1000px&#8221; custom_margin=&#8221;0px||||false|false&#8221; custom_padding=&#8221;0px||||false|false&#8221; border_width_all=&#8221;-1px&#8221; border_color_all_image=&#8221;#ffffff&#8221;][\/et_pb_blog][\/et_pb_column][et_pb_column type=&#8221;1_3&#8243; _builder_version=&#8221;4.0.11&#8243;][et_pb_sidebar _builder_version=&#8221;4.0.11&#8243; background_color=&#8221;rgba(0,0,0,0)&#8221;][\/et_pb_sidebar][\/et_pb_column][\/et_pb_row][\/et_pb_section]<\/p>\n","protected":false},"author":1,"featured_media":0,"parent":0,"menu_order":0,"comment_status":"closed","ping_status":"closed","template":"","meta":{"_et_pb_use_builder":"on","_et_pb_old_content":"","_monsterinsights_skip_tracking":false,"_monsterinsights_sitenote_active":false,"_monsterinsights_sitenote_note":"","_monsterinsights_sitenote_category":0,"ngg_post_thumbnail":0,"footnotes":""},"class_list":["post-14367","page","type-page","status-publish","hentry"],"yoast_head":"<!-- This site is optimized with the Yoast SEO plugin v27.5 - https:\/\/yoast.com\/product\/yoast-seo-wordpress\/ -->\n<title>Blog - My Site<\/title>\n<meta name=\"description\" content=\"Blog. Fer \u00e0 Cheval Outfitter is pleased to launch its revamped website! Being one of the most developed hunting and fishing outfitters in the Laurentians...\" \/>\n<meta name=\"robots\" content=\"index, follow, max-snippet:-1, max-image-preview:large, max-video-preview:-1\" \/>\n<link rel=\"canonical\" href=\"https:\/\/feracheval.ca\/en\/blog-2\/\" \/>\n<meta property=\"og:locale\" content=\"en_US\" \/>\n<meta property=\"og:type\" content=\"article\" \/>\n<meta property=\"og:title\" content=\"Blog - My Site\" \/>\n<meta property=\"og:description\" content=\"Blog. Fer \u00e0 Cheval Outfitter is pleased to launch its revamped website! Being one of the most developed hunting and fishing outfitters in the Laurentians...\" \/>\n<meta property=\"og:url\" content=\"https:\/\/feracheval.ca\/en\/blog-2\/\" \/>\n<meta property=\"og:site_name\" content=\"My Site\" \/>\n<meta property=\"article:modified_time\" content=\"2020-04-26T15:28:50+00:00\" \/>\n<meta name=\"twitter:card\" content=\"summary_large_image\" \/>\n<meta name=\"twitter:label1\" content=\"Est. reading time\" \/>\n\t<meta name=\"twitter:data1\" content=\"1 minute\" \/>\n<script type=\"application\/ld+json\" class=\"yoast-schema-graph\">{\"@context\":\"https:\\\/\\\/schema.org\",\"@graph\":[{\"@type\":\"WebPage\",\"@id\":\"https:\\\/\\\/feracheval.ca\\\/en\\\/blog-2\\\/\",\"url\":\"https:\\\/\\\/feracheval.ca\\\/en\\\/blog-2\\\/\",\"name\":\"Blog - My Site\",\"isPartOf\":{\"@id\":\"https:\\\/\\\/feracheval.ca\\\/en\\\/#website\"},\"datePublished\":\"2020-01-24T18:07:16+00:00\",\"dateModified\":\"2020-04-26T15:28:50+00:00\",\"description\":\"Blog. Fer \u00e0 Cheval Outfitter is pleased to launch its revamped website! Being one of the most developed hunting and fishing outfitters in the Laurentians...\",\"breadcrumb\":{\"@id\":\"https:\\\/\\\/feracheval.ca\\\/en\\\/blog-2\\\/#breadcrumb\"},\"inLanguage\":\"en-US\",\"potentialAction\":[{\"@type\":\"ReadAction\",\"target\":[\"https:\\\/\\\/feracheval.ca\\\/en\\\/blog-2\\\/\"]}]},{\"@type\":\"BreadcrumbList\",\"@id\":\"https:\\\/\\\/feracheval.ca\\\/en\\\/blog-2\\\/#breadcrumb\",\"itemListElement\":[{\"@type\":\"ListItem\",\"position\":1,\"name\":\"Accueil\",\"item\":\"https:\\\/\\\/feracheval.ca\\\/en\\\/\"},{\"@type\":\"ListItem\",\"position\":2,\"name\":\"Blog\"}]},{\"@type\":\"WebSite\",\"@id\":\"https:\\\/\\\/feracheval.ca\\\/en\\\/#website\",\"url\":\"https:\\\/\\\/feracheval.ca\\\/en\\\/\",\"name\":\"My Site\",\"description\":\"Du r\u00eave \u00e0 la r\u00e9alit\u00e9\",\"potentialAction\":[{\"@type\":\"SearchAction\",\"target\":{\"@type\":\"EntryPoint\",\"urlTemplate\":\"https:\\\/\\\/feracheval.ca\\\/en\\\/?s={search_term_string}\"},\"query-input\":{\"@type\":\"PropertyValueSpecification\",\"valueRequired\":true,\"valueName\":\"search_term_string\"}}],\"inLanguage\":\"en-US\"}]}<\/script>\n<!-- \/ Yoast SEO plugin. -->","yoast_head_json":{"title":"Blog - My Site","description":"Blog. Fer \u00e0 Cheval Outfitter is pleased to launch its revamped website! Being one of the most developed hunting and fishing outfitters in the Laurentians...","robots":{"index":"index","follow":"follow","max-snippet":"max-snippet:-1","max-image-preview":"max-image-preview:large","max-video-preview":"max-video-preview:-1"},"canonical":"https:\/\/feracheval.ca\/en\/blog-2\/","og_locale":"en_US","og_type":"article","og_title":"Blog - My Site","og_description":"Blog. Fer \u00e0 Cheval Outfitter is pleased to launch its revamped website! Being one of the most developed hunting and fishing outfitters in the Laurentians...","og_url":"https:\/\/feracheval.ca\/en\/blog-2\/","og_site_name":"My Site","article_modified_time":"2020-04-26T15:28:50+00:00","twitter_card":"summary_large_image","twitter_misc":{"Est. reading time":"1 minute"},"schema":{"@context":"https:\/\/schema.org","@graph":[{"@type":"WebPage","@id":"https:\/\/feracheval.ca\/en\/blog-2\/","url":"https:\/\/feracheval.ca\/en\/blog-2\/","name":"Blog - My Site","isPartOf":{"@id":"https:\/\/feracheval.ca\/en\/#website"},"datePublished":"2020-01-24T18:07:16+00:00","dateModified":"2020-04-26T15:28:50+00:00","description":"Blog. Fer \u00e0 Cheval Outfitter is pleased to launch its revamped website! Being one of the most developed hunting and fishing outfitters in the Laurentians...","breadcrumb":{"@id":"https:\/\/feracheval.ca\/en\/blog-2\/#breadcrumb"},"inLanguage":"en-US","potentialAction":[{"@type":"ReadAction","target":["https:\/\/feracheval.ca\/en\/blog-2\/"]}]},{"@type":"BreadcrumbList","@id":"https:\/\/feracheval.ca\/en\/blog-2\/#breadcrumb","itemListElement":[{"@type":"ListItem","position":1,"name":"Accueil","item":"https:\/\/feracheval.ca\/en\/"},{"@type":"ListItem","position":2,"name":"Blog"}]},{"@type":"WebSite","@id":"https:\/\/feracheval.ca\/en\/#website","url":"https:\/\/feracheval.ca\/en\/","name":"My Site","description":"Du r\u00eave \u00e0 la r\u00e9alit\u00e9","potentialAction":[{"@type":"SearchAction","target":{"@type":"EntryPoint","urlTemplate":"https:\/\/feracheval.ca\/en\/?s={search_term_string}"},"query-input":{"@type":"PropertyValueSpecification","valueRequired":true,"valueName":"search_term_string"}}],"inLanguage":"en-US"}]}},"_links":{"self":[{"href":"https:\/\/feracheval.ca\/en\/wp-json\/wp\/v2\/pages\/14367","targetHints":{"allow":["GET"]}}],"collection":[{"href":"https:\/\/feracheval.ca\/en\/wp-json\/wp\/v2\/pages"}],"about":[{"href":"https:\/\/feracheval.ca\/en\/wp-json\/wp\/v2\/types\/page"}],"author":[{"embeddable":true,"href":"https:\/\/feracheval.ca\/en\/wp-json\/wp\/v2\/users\/1"}],"replies":[{"embeddable":true,"href":"https:\/\/feracheval.ca\/en\/wp-json\/wp\/v2\/comments?post=14367"}],"version-history":[{"count":4,"href":"https:\/\/feracheval.ca\/en\/wp-json\/wp\/v2\/pages\/14367\/revisions"}],"predecessor-version":[{"id":16291,"href":"https:\/\/feracheval.ca\/en\/wp-json\/wp\/v2\/pages\/14367\/revisions\/16291"}],"wp:attachment":[{"href":"https:\/\/feracheval.ca\/en\/wp-json\/wp\/v2\/media?parent=14367"}],"curies":[{"name":"wp","href":"https:\/\/api.w.org\/{rel}","templated":true}]}}