{"id":14378,"date":"2020-01-24T13:14:28","date_gmt":"2020-01-24T18:14:28","guid":{"rendered":"https:\/\/feracheval.ca\/?page_id=14378"},"modified":"2020-06-26T09:50:31","modified_gmt":"2020-06-26T13:50:31","slug":"directions","status":"publish","type":"page","link":"https:\/\/feracheval.ca\/en\/directions\/","title":{"rendered":"Directions"},"content":{"rendered":"<p>[et_pb_section fb_built=&#8221;1&#8243; _builder_version=&#8221;4.0.11&#8243; custom_padding=&#8221;20px|||||&#8221;][et_pb_row _builder_version=&#8221;4.0.11&#8243;][et_pb_column type=&#8221;4_4&#8243; _builder_version=&#8221;4.0.11&#8243;][et_pb_text _builder_version=&#8221;4.0.11&#8243; header_font=&#8221;Roboto Slab|700|||||||&#8221; header_text_align=&#8221;center&#8221; header_text_color=&#8221;#414042&#8243; header_font_size=&#8221;48px&#8221; header_line_height=&#8221;1.2em&#8221; header_2_font=&#8221;Roboto Slab||||||||&#8221; header_2_text_align=&#8221;center&#8221; header_2_text_color=&#8221;#414042&#8243; header_2_font_size=&#8221;52px&#8221; header_3_text_align=&#8221;center&#8221; header_3_font_size=&#8221;29px&#8221; header_4_font=&#8221;|||on|||||&#8221; header_4_text_align=&#8221;center&#8221; header_4_text_color=&#8221;#005d8f&#8221; header_5_text_align=&#8221;center&#8221; header_5_text_color=&#8221;#005d8f&#8221; header_6_font=&#8221;Open Sans|||on|||||&#8221; header_6_text_align=&#8221;center&#8221; header_6_text_color=&#8221;#21100e&#8221; custom_margin=&#8221;||||false|false&#8221; custom_padding=&#8221;||||false|false&#8221; custom_padding_tablet=&#8221;&#8221; custom_padding_phone=&#8221;&#8221; custom_padding_last_edited=&#8221;on|desktop&#8221; header_font_size_tablet=&#8221;&#8221; header_font_size_phone=&#8221;26px&#8221; header_font_size_last_edited=&#8221;on|phone&#8221; header_2_font_size_tablet=&#8221;36px&#8221; header_2_font_size_phone=&#8221;27px&#8221; header_2_font_size_last_edited=&#8221;on|phone&#8221; header_3_font_size_tablet=&#8221;&#8221; header_3_font_size_phone=&#8221;25px&#8221; header_3_font_size_last_edited=&#8221;on|phone&#8221; border_color_left=&#8221;#cf562b&#8221; saved_tabs=&#8221;all&#8221;]<\/p>\n<h2>Directions<\/h2>\n<p>[\/et_pb_text][et_pb_text _builder_version=&#8221;4.0.11&#8243; header_3_font=&#8221;|||on|||||&#8221;]<\/p>\n<h3>Road Route<\/h3>\n<p>[\/et_pb_text][et_pb_text _builder_version=&#8221;4.0.11&#8243; text_text_color=&#8221;#ffffff&#8221; text_line_height=&#8221;1.6em&#8221; background_color=&#8221;#d12627&#8243; text_orientation=&#8221;center&#8221; custom_padding=&#8221;20px|20px|20px|20px|true|true&#8221; hover_enabled=&#8221;0&#8243; locked=&#8221;off&#8221;]<\/p>\n<p>!!! Warning!!! Some GPS devices offer a shortcut passing through Sainte-Anne-du-Lac. This shortcut takes you to the ATV trail and is not maintained for road vehicles. It is important to follow the indications below:<\/p>\n<p>[\/et_pb_text][\/et_pb_column][\/et_pb_row][et_pb_row column_structure=&#8221;1_2,1_2&#8243; use_custom_gutter=&#8221;on&#8221; gutter_width=&#8221;2&#8243; _builder_version=&#8221;4.0.11&#8243; custom_margin=&#8221;||34px||false|false&#8221; custom_padding=&#8221;0px|||||&#8221;][et_pb_column type=&#8221;1_2&#8243; _builder_version=&#8221;4.0.11&#8243; custom_padding=&#8221;0%|0%|0%|0%|true|true&#8221;][et_pb_text _builder_version=&#8221;4.0.11&#8243; header_4_text_color=&#8221;#21100e&#8221; custom_margin=&#8221;||||false|false&#8221; custom_padding=&#8221;2%|2%|2%|2%|true|true&#8221; border_width_all=&#8221;1px&#8221;]<\/p>\n<h4><strong>FROM MONTREAL<\/strong><\/h4>\n<ul>\n<li>Follow Highway 15 North<\/li>\n<li>Then Route 117 North (about 10 Km)<\/li>\n<li>Turn right after Saguay Lake<\/li>\n<li>Go in direction of Chute Saint-Philippe on Route 311 North<\/li>\n<li>Drive through the village of Lac St-Paul, in direction of Village Mont St-Michel<\/li>\n<li>Turn right on Route 309 North (follow for approximately 3 Km)<\/li>\n<li>Turn right on Chemin Parent<\/li>\n<li>Just after KM 106, turn left and follow indications to the Inn.<\/li>\n<\/ul>\n<p>[\/et_pb_text][\/et_pb_column][et_pb_column type=&#8221;1_2&#8243; _builder_version=&#8221;4.0.11&#8243; custom_padding=&#8221;0%|0%|0%|0%|true|true&#8221;][et_pb_text _builder_version=&#8221;4.0.11&#8243; header_4_text_color=&#8221;#21100e&#8221; custom_margin=&#8221;||||false|false&#8221; custom_padding=&#8221;2%|2%|2%|2%|true|true&#8221; border_width_all=&#8221;1px&#8221;]<\/p>\n<h4><strong>FROM QUEBEC CITY<\/strong><\/h4>\n<ul>\n<li>Direction LaTuque<\/li>\n<li>Route 25 to Parent Road<\/li>\n<li>Parent Road until Kilometer #106<\/li>\n<li>Slighty after reaching kilometer#106, turn left et follow indications to the outfitter.<\/li>\n<\/ul>\n<p>[\/et_pb_text][et_pb_text _builder_version=&#8221;4.0.11&#8243; header_3_text_color=&#8221;#21100e&#8221; header_3_font_size=&#8221;26px&#8221; background_color=&#8221;rgba(0,0,0,0)&#8221; custom_margin=&#8221;||-3px|||&#8221; custom_padding=&#8221;|2%||2%|true|true&#8221; header_3_font_size_tablet=&#8221;&#8221; header_3_font_size_phone=&#8221;23px&#8221; header_3_font_size_last_edited=&#8221;on|phone&#8221; locked=&#8221;off&#8221;]<\/p>\n<h3 style=\"text-align: center;\">819 667-2525<\/h3>\n<h3 style=\"text-align: center;\"><a href=\"mailto:info@feracheval.ca\">info@feracheval.ca<\/a><\/h3>\n<p>[\/et_pb_text][\/et_pb_column][\/et_pb_row][et_pb_row _builder_version=&#8221;4.0.11&#8243; width=&#8221;100%&#8221; max_width=&#8221;2560px&#8221; module_alignment=&#8221;center&#8221; custom_margin=&#8221;||-90px||false|false&#8221; custom_padding=&#8221;0px|||||&#8221;][et_pb_column type=&#8221;4_4&#8243; _builder_version=&#8221;4.0.11&#8243;][et_pb_text _builder_version=&#8221;4.0.11&#8243;]<iframe loading=\"lazy\" src=\"https:\/\/www.google.com\/maps\/embed?pb=!1m18!1m12!1m3!1d1359295.485790198!2d-75.62620659457221!3d47.08082380292062!2m3!1f0!2f0!3f0!3m2!1i1024!2i768!4f13.1!3m3!1m2!1s0x4cdcb3f4e1f4dc8f%3A0xe3fd8fea35eb30e!2sFer%20A%20Cheval!5e0!3m2!1sfr!2sca!4v1580928197770!5m2!1sfr!2sca\" width=\"100%\" height=\"650\" frameborder=\"0\" style=\"border:0;\" allowfullscreen=\"\"><\/iframe>[\/et_pb_text][\/et_pb_column][\/et_pb_row][\/et_pb_section]<\/p>\n","protected":false},"excerpt":{"rendered":"<p>[et_pb_section fb_built=&#8221;1&#8243; _builder_version=&#8221;4.0.11&#8243; custom_padding=&#8221;20px|||||&#8221;][et_pb_row _builder_version=&#8221;4.0.11&#8243;][et_pb_column type=&#8221;4_4&#8243; _builder_version=&#8221;4.0.11&#8243;][et_pb_text _builder_version=&#8221;4.0.11&#8243; header_font=&#8221;Roboto Slab|700|||||||&#8221; header_text_align=&#8221;center&#8221; header_text_color=&#8221;#414042&#8243; header_font_size=&#8221;48px&#8221; header_line_height=&#8221;1.2em&#8221; header_2_font=&#8221;Roboto Slab||||||||&#8221; header_2_text_align=&#8221;center&#8221; header_2_text_color=&#8221;#414042&#8243; header_2_font_size=&#8221;52px&#8221; header_3_text_align=&#8221;center&#8221; header_3_font_size=&#8221;29px&#8221; header_4_font=&#8221;|||on|||||&#8221; header_4_text_align=&#8221;center&#8221; header_4_text_color=&#8221;#005d8f&#8221; header_5_text_align=&#8221;center&#8221; header_5_text_color=&#8221;#005d8f&#8221; header_6_font=&#8221;Open Sans|||on|||||&#8221; header_6_text_align=&#8221;center&#8221; header_6_text_color=&#8221;#21100e&#8221; custom_margin=&#8221;||||false|false&#8221; custom_padding=&#8221;||||false|false&#8221; custom_padding_tablet=&#8221;&#8221; custom_padding_phone=&#8221;&#8221; custom_padding_last_edited=&#8221;on|desktop&#8221; header_font_size_tablet=&#8221;&#8221; header_font_size_phone=&#8221;26px&#8221; header_font_size_last_edited=&#8221;on|phone&#8221; header_2_font_size_tablet=&#8221;36px&#8221; header_2_font_size_phone=&#8221;27px&#8221; header_2_font_size_last_edited=&#8221;on|phone&#8221; header_3_font_size_tablet=&#8221;&#8221; header_3_font_size_phone=&#8221;25px&#8221; header_3_font_size_last_edited=&#8221;on|phone&#8221; border_color_left=&#8221;#cf562b&#8221; saved_tabs=&#8221;all&#8221;] Directions [\/et_pb_text][et_pb_text _builder_version=&#8221;4.0.11&#8243; header_3_font=&#8221;|||on|||||&#8221;] Road Route [\/et_pb_text][et_pb_text _builder_version=&#8221;4.0.11&#8243; text_text_color=&#8221;#ffffff&#8221; [&hellip;]<\/p>\n","protected":false},"author":1,"featured_media":0,"parent":0,"menu_order":0,"comment_status":"closed","ping_status":"closed","template":"","meta":{"_et_pb_use_builder":"on","_et_pb_old_content":"","_monsterinsights_skip_tracking":false,"_monsterinsights_sitenote_active":false,"_monsterinsights_sitenote_note":"","_monsterinsights_sitenote_category":0,"ngg_post_thumbnail":0,"footnotes":""},"class_list":["post-14378","page","type-page","status-publish","hentry"],"yoast_head":"<!-- This site is optimized with the Yoast SEO plugin v27.5 - https:\/\/yoast.com\/product\/yoast-seo-wordpress\/ -->\n<title>Directions - My Site<\/title>\n<meta name=\"description\" content=\"Directions to Fer \u00e0 Cheval Outfitter in the Upper Laurentians of the Province of Quebec are easy to follow. We are situated at KM 106 on road to city Parent\" \/>\n<meta name=\"robots\" content=\"index, follow, max-snippet:-1, max-image-preview:large, max-video-preview:-1\" \/>\n<link rel=\"canonical\" href=\"https:\/\/feracheval.ca\/en\/directions\/\" \/>\n<meta property=\"og:locale\" content=\"en_US\" \/>\n<meta property=\"og:type\" content=\"article\" \/>\n<meta property=\"og:title\" content=\"Directions - My Site\" \/>\n<meta property=\"og:description\" content=\"Directions to Fer \u00e0 Cheval Outfitter in the Upper Laurentians of the Province of Quebec are easy to follow. We are situated at KM 106 on road to city Parent\" \/>\n<meta property=\"og:url\" content=\"https:\/\/feracheval.ca\/en\/directions\/\" \/>\n<meta property=\"og:site_name\" content=\"My Site\" \/>\n<meta property=\"article:modified_time\" content=\"2020-06-26T13:50:31+00:00\" \/>\n<meta name=\"twitter:card\" content=\"summary_large_image\" \/>\n<meta name=\"twitter:label1\" content=\"Est. reading time\" \/>\n\t<meta name=\"twitter:data1\" content=\"3 minutes\" \/>\n<script type=\"application\/ld+json\" class=\"yoast-schema-graph\">{\"@context\":\"https:\\\/\\\/schema.org\",\"@graph\":[{\"@type\":\"WebPage\",\"@id\":\"https:\\\/\\\/feracheval.ca\\\/en\\\/directions\\\/\",\"url\":\"https:\\\/\\\/feracheval.ca\\\/en\\\/directions\\\/\",\"name\":\"Directions - My Site\",\"isPartOf\":{\"@id\":\"https:\\\/\\\/feracheval.ca\\\/en\\\/#website\"},\"datePublished\":\"2020-01-24T18:14:28+00:00\",\"dateModified\":\"2020-06-26T13:50:31+00:00\",\"description\":\"Directions to Fer \u00e0 Cheval Outfitter in the Upper Laurentians of the Province of Quebec are easy to follow. We are situated at KM 106 on road to city Parent\",\"breadcrumb\":{\"@id\":\"https:\\\/\\\/feracheval.ca\\\/en\\\/directions\\\/#breadcrumb\"},\"inLanguage\":\"en-US\",\"potentialAction\":[{\"@type\":\"ReadAction\",\"target\":[\"https:\\\/\\\/feracheval.ca\\\/en\\\/directions\\\/\"]}]},{\"@type\":\"BreadcrumbList\",\"@id\":\"https:\\\/\\\/feracheval.ca\\\/en\\\/directions\\\/#breadcrumb\",\"itemListElement\":[{\"@type\":\"ListItem\",\"position\":1,\"name\":\"Accueil\",\"item\":\"https:\\\/\\\/feracheval.ca\\\/en\\\/\"},{\"@type\":\"ListItem\",\"position\":2,\"name\":\"Directions\"}]},{\"@type\":\"WebSite\",\"@id\":\"https:\\\/\\\/feracheval.ca\\\/en\\\/#website\",\"url\":\"https:\\\/\\\/feracheval.ca\\\/en\\\/\",\"name\":\"My Site\",\"description\":\"Du r\u00eave \u00e0 la r\u00e9alit\u00e9\",\"potentialAction\":[{\"@type\":\"SearchAction\",\"target\":{\"@type\":\"EntryPoint\",\"urlTemplate\":\"https:\\\/\\\/feracheval.ca\\\/en\\\/?s={search_term_string}\"},\"query-input\":{\"@type\":\"PropertyValueSpecification\",\"valueRequired\":true,\"valueName\":\"search_term_string\"}}],\"inLanguage\":\"en-US\"}]}<\/script>\n<!-- \/ Yoast SEO plugin. -->","yoast_head_json":{"title":"Directions - My Site","description":"Directions to Fer \u00e0 Cheval Outfitter in the Upper Laurentians of the Province of Quebec are easy to follow. We are situated at KM 106 on road to city Parent","robots":{"index":"index","follow":"follow","max-snippet":"max-snippet:-1","max-image-preview":"max-image-preview:large","max-video-preview":"max-video-preview:-1"},"canonical":"https:\/\/feracheval.ca\/en\/directions\/","og_locale":"en_US","og_type":"article","og_title":"Directions - My Site","og_description":"Directions to Fer \u00e0 Cheval Outfitter in the Upper Laurentians of the Province of Quebec are easy to follow. We are situated at KM 106 on road to city Parent","og_url":"https:\/\/feracheval.ca\/en\/directions\/","og_site_name":"My Site","article_modified_time":"2020-06-26T13:50:31+00:00","twitter_card":"summary_large_image","twitter_misc":{"Est. reading time":"3 minutes"},"schema":{"@context":"https:\/\/schema.org","@graph":[{"@type":"WebPage","@id":"https:\/\/feracheval.ca\/en\/directions\/","url":"https:\/\/feracheval.ca\/en\/directions\/","name":"Directions - My Site","isPartOf":{"@id":"https:\/\/feracheval.ca\/en\/#website"},"datePublished":"2020-01-24T18:14:28+00:00","dateModified":"2020-06-26T13:50:31+00:00","description":"Directions to Fer \u00e0 Cheval Outfitter in the Upper Laurentians of the Province of Quebec are easy to follow. We are situated at KM 106 on road to city Parent","breadcrumb":{"@id":"https:\/\/feracheval.ca\/en\/directions\/#breadcrumb"},"inLanguage":"en-US","potentialAction":[{"@type":"ReadAction","target":["https:\/\/feracheval.ca\/en\/directions\/"]}]},{"@type":"BreadcrumbList","@id":"https:\/\/feracheval.ca\/en\/directions\/#breadcrumb","itemListElement":[{"@type":"ListItem","position":1,"name":"Accueil","item":"https:\/\/feracheval.ca\/en\/"},{"@type":"ListItem","position":2,"name":"Directions"}]},{"@type":"WebSite","@id":"https:\/\/feracheval.ca\/en\/#website","url":"https:\/\/feracheval.ca\/en\/","name":"My Site","description":"Du r\u00eave \u00e0 la r\u00e9alit\u00e9","potentialAction":[{"@type":"SearchAction","target":{"@type":"EntryPoint","urlTemplate":"https:\/\/feracheval.ca\/en\/?s={search_term_string}"},"query-input":{"@type":"PropertyValueSpecification","valueRequired":true,"valueName":"search_term_string"}}],"inLanguage":"en-US"}]}},"_links":{"self":[{"href":"https:\/\/feracheval.ca\/en\/wp-json\/wp\/v2\/pages\/14378","targetHints":{"allow":["GET"]}}],"collection":[{"href":"https:\/\/feracheval.ca\/en\/wp-json\/wp\/v2\/pages"}],"about":[{"href":"https:\/\/feracheval.ca\/en\/wp-json\/wp\/v2\/types\/page"}],"author":[{"embeddable":true,"href":"https:\/\/feracheval.ca\/en\/wp-json\/wp\/v2\/users\/1"}],"replies":[{"embeddable":true,"href":"https:\/\/feracheval.ca\/en\/wp-json\/wp\/v2\/comments?post=14378"}],"version-history":[{"count":4,"href":"https:\/\/feracheval.ca\/en\/wp-json\/wp\/v2\/pages\/14378\/revisions"}],"predecessor-version":[{"id":16381,"href":"https:\/\/feracheval.ca\/en\/wp-json\/wp\/v2\/pages\/14378\/revisions\/16381"}],"wp:attachment":[{"href":"https:\/\/feracheval.ca\/en\/wp-json\/wp\/v2\/media?parent=14378"}],"curies":[{"name":"wp","href":"https:\/\/api.w.org\/{rel}","templated":true}]}}