{"id":14442,"date":"2020-01-26T14:30:20","date_gmt":"2020-01-26T19:30:20","guid":{"rendered":"https:\/\/feracheval.ca\/?page_id=14442"},"modified":"2023-08-03T14:48:41","modified_gmt":"2023-08-03T18:48:41","slug":"lodging","status":"publish","type":"page","link":"https:\/\/feracheval.ca\/en\/lodging\/","title":{"rendered":"Lodging"},"content":{"rendered":"<p>[et_pb_section fb_built=&#8221;1&#8243; _builder_version=&#8221;4.0.11&#8243; background_image=&#8221;https:\/\/feracheval.ca\/wp-content\/uploads\/2023\/08\/PourvoirieFeraCheval-auberge-vue-loin-1-scaled.jpg&#8221; custom_margin=&#8221;||||false|false&#8221; custom_padding=&#8221;39px||0px||false|false&#8221; hover_enabled=&#8221;0&#8243;][et_pb_row custom_padding_last_edited=&#8221;on|phone&#8221; _builder_version=&#8221;4.0.11&#8243; custom_margin=&#8221;-38px||||false|false&#8221; custom_padding=&#8221;0px||712px|||&#8221; custom_padding_tablet=&#8221;&#8221; custom_padding_phone=&#8221;0px||367px||false|false&#8221;][et_pb_column type=&#8221;4_4&#8243; _builder_version=&#8221;4.0.11&#8243;][et_pb_text _builder_version=&#8221;4.0.11&#8243; header_font=&#8221;Roboto Slab|700|||||||&#8221; header_text_align=&#8221;center&#8221; header_text_color=&#8221;#414042&#8243; header_font_size=&#8221;48px&#8221; header_line_height=&#8221;1.2em&#8221; header_2_font=&#8221;Roboto Slab||||||||&#8221; header_2_text_align=&#8221;center&#8221; header_2_text_color=&#8221;#414042&#8243; header_2_font_size=&#8221;52px&#8221; header_3_text_align=&#8221;center&#8221; header_3_text_color=&#8221;#859452&#8243; header_3_font_size=&#8221;29px&#8221; header_4_font=&#8221;|||on|||||&#8221; header_4_text_align=&#8221;center&#8221; header_4_text_color=&#8221;#005d8f&#8221; header_5_text_align=&#8221;center&#8221; header_5_text_color=&#8221;#005d8f&#8221; header_6_font=&#8221;Open Sans|||on|||||&#8221; header_6_text_align=&#8221;center&#8221; header_6_text_color=&#8221;#21100e&#8221; custom_margin=&#8221;50px||||false|false&#8221; custom_padding=&#8221;||||false|false&#8221; custom_padding_tablet=&#8221;&#8221; custom_padding_phone=&#8221;&#8221; custom_padding_last_edited=&#8221;on|desktop&#8221; header_font_size_tablet=&#8221;&#8221; header_font_size_phone=&#8221;26px&#8221; header_font_size_last_edited=&#8221;on|phone&#8221; header_2_font_size_tablet=&#8221;36px&#8221; header_2_font_size_phone=&#8221;27px&#8221; header_2_font_size_last_edited=&#8221;on|phone&#8221; header_3_font_size_tablet=&#8221;&#8221; header_3_font_size_phone=&#8221;25px&#8221; header_3_font_size_last_edited=&#8221;on|phone&#8221; border_color_left=&#8221;#cf562b&#8221; saved_tabs=&#8221;all&#8221;]<\/p>\n<h1><span>Be seduced by the multiple lodging options!<\/span><\/h1>\n<p><span style=\"font-size: 16px;\"><\/span><\/p>\n<p>[\/et_pb_text][\/et_pb_column][\/et_pb_row][\/et_pb_section][et_pb_section fb_built=&#8221;1&#8243; _builder_version=&#8221;4.0.11&#8243; custom_margin=&#8221;46px|||||&#8221; custom_margin_tablet=&#8221;6px||||false|false&#8221; custom_margin_phone=&#8221;0px||||false|false&#8221; custom_margin_last_edited=&#8221;on|phone&#8221; custom_padding=&#8221;0px||6px||false|false&#8221;][et_pb_row column_structure=&#8221;3_5,2_5&#8243; _builder_version=&#8221;4.0.11&#8243; custom_padding=&#8221;||54px|||&#8221;][et_pb_column type=&#8221;3_5&#8243; _builder_version=&#8221;4.0.11&#8243;][et_pb_text _builder_version=&#8221;4.0.11&#8243; header_font=&#8221;Roboto Slab|700|||||||&#8221; header_text_align=&#8221;center&#8221; header_text_color=&#8221;#414042&#8243; header_font_size=&#8221;38px&#8221; header_line_height=&#8221;1.2em&#8221; header_2_font=&#8221;Roboto Slab||||||||&#8221; header_2_text_align=&#8221;center&#8221; header_2_text_color=&#8221;#414042&#8243; header_2_font_size=&#8221;38px&#8221; header_2_line_height=&#8221;1.2em&#8221; header_3_text_align=&#8221;center&#8221; header_3_text_color=&#8221;#859452&#8243; header_3_font_size=&#8221;29px&#8221; header_4_font=&#8221;|||on|||||&#8221; header_4_text_align=&#8221;center&#8221; header_4_text_color=&#8221;#005d8f&#8221; header_5_text_align=&#8221;center&#8221; header_5_text_color=&#8221;#005d8f&#8221; header_6_font=&#8221;Open Sans|||on|||||&#8221; header_6_text_align=&#8221;center&#8221; header_6_text_color=&#8221;#21100e&#8221; custom_margin=&#8221;||||false|false&#8221; custom_padding=&#8221;||||false|false&#8221; custom_padding_tablet=&#8221;&#8221; custom_padding_phone=&#8221;&#8221; custom_padding_last_edited=&#8221;on|desktop&#8221; header_font_size_tablet=&#8221;&#8221; header_font_size_phone=&#8221;24px&#8221; header_font_size_last_edited=&#8221;on|phone&#8221; header_2_font_size_tablet=&#8221;38px&#8221; header_2_font_size_phone=&#8221;24px&#8221; header_2_font_size_last_edited=&#8221;on|phone&#8221; header_3_font_size_tablet=&#8221;&#8221; header_3_font_size_phone=&#8221;25px&#8221; header_3_font_size_last_edited=&#8221;on|phone&#8221; border_color_left=&#8221;#cf562b&#8221; saved_tabs=&#8221;all&#8221;]<\/p>\n<h2>Lodging<\/h2>\n<p>[\/et_pb_text][et_pb_text _builder_version=&#8221;4.0.11&#8243;]<\/p>\n<p><span>The outfitter Fer \u00e0 Cheval stands out amongst others because of its multiple lodging options<\/span><\/p>\n<h3>4 Stars Inn<\/h3>\n<p>This classification from <strong><em>Aubergistes de la For\u00eat (QOF)<\/em><\/strong>\u00a0 entails that the accommodation units, in the forest, have superior facilities and offers several services and amenities to their customers. This rating assures very comfortable rooms, delicious meals, an excellent service, as well as a pleasant and inviting environment for everyone.<\/p>\n<h3><span>Forest cabins<\/span><\/h3>\n<p><span>Near the lake border, offer all facilities, relying on propane gas, including a fully equipped bathroom and hot water. Ideal for a private and calm stay.<\/span><\/p>\n<h3><span>Thematic suites (condo-style suites) and luxurious VIP suites <\/span><\/h3>\n<p><span>Situated in the main building, each room, either in the thematic suites or the VIP suites, has a private bathroom. The thematic suites are ideal for families and groups, as the VIP suites are ideal for couples. The rooms have a great panoramic view of the Nasigon Lake.<\/span><\/p>\n<h3><span>Rustic camp<\/span><\/h3>\n<p><span>Ideal for wilderness adventurers. Remoted and hard to access, these rustic camps, without facilities, are perfect to experience the simplicity of nature. All camps are near some beautiful water points and lakes.<\/span><\/p>\n<p><span>For more information or a customized stay, please contact us today.<\/span><\/p>\n<p><span>We hope to see you soon!<\/span><\/p>\n<p>[\/et_pb_text][\/et_pb_column][et_pb_column type=&#8221;2_5&#8243; _builder_version=&#8221;4.0.11&#8243;][et_pb_text _builder_version=&#8221;4.0.11&#8243; header_font_size=&#8221;26px&#8221; header_2_font=&#8221;Roboto Slab|500||on|||||&#8221; header_2_text_align=&#8221;center&#8221; header_2_text_color=&#8221;#ffffff&#8221; header_2_font_size=&#8221;25px&#8221; header_2_letter_spacing=&#8221;1px&#8221; use_background_color_gradient=&#8221;on&#8221; background_color_gradient_start=&#8221;rgba(0,0,0,0)&#8221; background_color_gradient_end=&#8221;rgba(0,0,0,0.6)&#8221; background_color_gradient_start_position=&#8221;82%&#8221; background_color_gradient_end_position=&#8221;0%&#8221; background_color_gradient_overlays_image=&#8221;on&#8221; background_image=&#8221;https:\/\/feracheval.ca\/wp-content\/uploads\/2012\/08\/chalet-for\u00eat-lac-duchastel-pourvoirie-feracheval-laurentides.jpg&#8221; custom_margin=&#8221;0px|||||&#8221; custom_padding=&#8221;270px||2px||false|false&#8221; custom_padding_tablet=&#8221;&#8221; custom_padding_phone=&#8221;&#8221; custom_padding_last_edited=&#8221;on|desktop&#8221; animation_style=&#8221;fade&#8221; link_option_url=&#8221;https:\/\/feracheval.ca\/en\/cabins\/&#8221; header_2_font_size_tablet=&#8221;&#8221; header_2_font_size_phone=&#8221;25px&#8221; header_2_font_size_last_edited=&#8221;on|desktop&#8221; box_shadow_style=&#8221;preset2&#8243; saved_tabs=&#8221;all&#8221;]<\/p>\n<h2>cabins<\/h2>\n<p>[\/et_pb_text][et_pb_text _builder_version=&#8221;4.0.11&#8243; header_font_size=&#8221;26px&#8221; header_2_font=&#8221;Roboto Slab|500||on|||||&#8221; header_2_text_align=&#8221;center&#8221; header_2_text_color=&#8221;#ffffff&#8221; header_2_font_size=&#8221;25px&#8221; header_2_letter_spacing=&#8221;1px&#8221; use_background_color_gradient=&#8221;on&#8221; background_color_gradient_start=&#8221;rgba(0,0,0,0)&#8221; background_color_gradient_end=&#8221;rgba(0,0,0,0.6)&#8221; background_color_gradient_start_position=&#8221;82%&#8221; background_color_gradient_end_position=&#8221;0%&#8221; background_color_gradient_overlays_image=&#8221;on&#8221; background_image=&#8221;https:\/\/feracheval.ca\/wp-content\/uploads\/2020\/02\/auberge-de-la-pourvoirie-fer-a-cheval-4.jpg&#8221; custom_margin=&#8221;0px|||||&#8221; custom_padding=&#8221;270px||2px||false|false&#8221; custom_padding_tablet=&#8221;&#8221; custom_padding_phone=&#8221;&#8221; custom_padding_last_edited=&#8221;on|desktop&#8221; animation_style=&#8221;fade&#8221; link_option_url=&#8221;https:\/\/feracheval.ca\/en\/inn\/&#8221; header_2_font_size_tablet=&#8221;&#8221; header_2_font_size_phone=&#8221;25px&#8221; header_2_font_size_last_edited=&#8221;on|desktop&#8221; box_shadow_style=&#8221;preset2&#8243; saved_tabs=&#8221;all&#8221;]<\/p>\n<h2>inn<\/h2>\n<p>[\/et_pb_text][\/et_pb_column][\/et_pb_row][\/et_pb_section]<\/p>\n","protected":false},"excerpt":{"rendered":"<p>[et_pb_section fb_built=&#8221;1&#8243; _builder_version=&#8221;4.0.11&#8243; background_image=&#8221;https:\/\/feracheval.ca\/wp-content\/uploads\/2023\/08\/PourvoirieFeraCheval-auberge-vue-loin-1-scaled.jpg&#8221; custom_margin=&#8221;||||false|false&#8221; custom_padding=&#8221;39px||0px||false|false&#8221; hover_enabled=&#8221;0&#8243;][et_pb_row custom_padding_last_edited=&#8221;on|phone&#8221; _builder_version=&#8221;4.0.11&#8243; custom_margin=&#8221;-38px||||false|false&#8221; custom_padding=&#8221;0px||712px|||&#8221; custom_padding_tablet=&#8221;&#8221; custom_padding_phone=&#8221;0px||367px||false|false&#8221;][et_pb_column type=&#8221;4_4&#8243; _builder_version=&#8221;4.0.11&#8243;][et_pb_text _builder_version=&#8221;4.0.11&#8243; header_font=&#8221;Roboto Slab|700|||||||&#8221; header_text_align=&#8221;center&#8221; header_text_color=&#8221;#414042&#8243; header_font_size=&#8221;48px&#8221; header_line_height=&#8221;1.2em&#8221; header_2_font=&#8221;Roboto Slab||||||||&#8221; header_2_text_align=&#8221;center&#8221; header_2_text_color=&#8221;#414042&#8243; header_2_font_size=&#8221;52px&#8221; header_3_text_align=&#8221;center&#8221; header_3_text_color=&#8221;#859452&#8243; header_3_font_size=&#8221;29px&#8221; header_4_font=&#8221;|||on|||||&#8221; header_4_text_align=&#8221;center&#8221; header_4_text_color=&#8221;#005d8f&#8221; header_5_text_align=&#8221;center&#8221; header_5_text_color=&#8221;#005d8f&#8221; header_6_font=&#8221;Open Sans|||on|||||&#8221; header_6_text_align=&#8221;center&#8221; header_6_text_color=&#8221;#21100e&#8221; custom_margin=&#8221;50px||||false|false&#8221; custom_padding=&#8221;||||false|false&#8221; custom_padding_tablet=&#8221;&#8221; custom_padding_phone=&#8221;&#8221; custom_padding_last_edited=&#8221;on|desktop&#8221; header_font_size_tablet=&#8221;&#8221; header_font_size_phone=&#8221;26px&#8221; header_font_size_last_edited=&#8221;on|phone&#8221; header_2_font_size_tablet=&#8221;36px&#8221; header_2_font_size_phone=&#8221;27px&#8221; header_2_font_size_last_edited=&#8221;on|phone&#8221; header_3_font_size_tablet=&#8221;&#8221; header_3_font_size_phone=&#8221;25px&#8221; header_3_font_size_last_edited=&#8221;on|phone&#8221; border_color_left=&#8221;#cf562b&#8221; saved_tabs=&#8221;all&#8221;] [&hellip;]<\/p>\n","protected":false},"author":1,"featured_media":0,"parent":0,"menu_order":0,"comment_status":"closed","ping_status":"closed","template":"","meta":{"_et_pb_use_builder":"on","_et_pb_old_content":"","_monsterinsights_skip_tracking":false,"_monsterinsights_sitenote_active":false,"_monsterinsights_sitenote_note":"","_monsterinsights_sitenote_category":0,"ngg_post_thumbnail":0,"footnotes":""},"class_list":["post-14442","page","type-page","status-publish","hentry"],"yoast_head":"<!-- This site is optimized with the Yoast SEO plugin v27.4 - https:\/\/yoast.com\/product\/yoast-seo-wordpress\/ -->\n<title>Lodging - My Site<\/title>\n<meta name=\"description\" content=\"Lodging at Fer \u00e0 Cheval Outfitter assures very comfortable rooms, delicious meals, an excellent service, as well as a pleasant and inviting environment..\" \/>\n<meta name=\"robots\" content=\"index, follow, max-snippet:-1, max-image-preview:large, max-video-preview:-1\" \/>\n<link rel=\"canonical\" href=\"https:\/\/feracheval.ca\/en\/lodging\/\" \/>\n<meta property=\"og:locale\" content=\"en_US\" \/>\n<meta property=\"og:type\" content=\"article\" \/>\n<meta property=\"og:title\" content=\"Lodging - My Site\" \/>\n<meta property=\"og:description\" content=\"Lodging at Fer \u00e0 Cheval Outfitter assures very comfortable rooms, delicious meals, an excellent service, as well as a pleasant and inviting environment..\" \/>\n<meta property=\"og:url\" content=\"https:\/\/feracheval.ca\/en\/lodging\/\" \/>\n<meta property=\"og:site_name\" content=\"My Site\" \/>\n<meta property=\"article:modified_time\" content=\"2023-08-03T18:48:41+00:00\" \/>\n<meta name=\"twitter:card\" content=\"summary_large_image\" \/>\n<meta name=\"twitter:label1\" content=\"Est. reading time\" \/>\n\t<meta name=\"twitter:data1\" content=\"2 minutes\" \/>\n<script type=\"application\/ld+json\" class=\"yoast-schema-graph\">{\"@context\":\"https:\\\/\\\/schema.org\",\"@graph\":[{\"@type\":\"WebPage\",\"@id\":\"https:\\\/\\\/feracheval.ca\\\/en\\\/lodging\\\/\",\"url\":\"https:\\\/\\\/feracheval.ca\\\/en\\\/lodging\\\/\",\"name\":\"Lodging - My Site\",\"isPartOf\":{\"@id\":\"https:\\\/\\\/feracheval.ca\\\/en\\\/#website\"},\"datePublished\":\"2020-01-26T19:30:20+00:00\",\"dateModified\":\"2023-08-03T18:48:41+00:00\",\"description\":\"Lodging at Fer \u00e0 Cheval Outfitter assures very comfortable rooms, delicious meals, an excellent service, as well as a pleasant and inviting environment..\",\"breadcrumb\":{\"@id\":\"https:\\\/\\\/feracheval.ca\\\/en\\\/lodging\\\/#breadcrumb\"},\"inLanguage\":\"en-US\",\"potentialAction\":[{\"@type\":\"ReadAction\",\"target\":[\"https:\\\/\\\/feracheval.ca\\\/en\\\/lodging\\\/\"]}]},{\"@type\":\"BreadcrumbList\",\"@id\":\"https:\\\/\\\/feracheval.ca\\\/en\\\/lodging\\\/#breadcrumb\",\"itemListElement\":[{\"@type\":\"ListItem\",\"position\":1,\"name\":\"Accueil\",\"item\":\"https:\\\/\\\/feracheval.ca\\\/en\\\/\"},{\"@type\":\"ListItem\",\"position\":2,\"name\":\"Lodging\"}]},{\"@type\":\"WebSite\",\"@id\":\"https:\\\/\\\/feracheval.ca\\\/en\\\/#website\",\"url\":\"https:\\\/\\\/feracheval.ca\\\/en\\\/\",\"name\":\"My Site\",\"description\":\"Du r\u00eave \u00e0 la r\u00e9alit\u00e9\",\"potentialAction\":[{\"@type\":\"SearchAction\",\"target\":{\"@type\":\"EntryPoint\",\"urlTemplate\":\"https:\\\/\\\/feracheval.ca\\\/en\\\/?s={search_term_string}\"},\"query-input\":{\"@type\":\"PropertyValueSpecification\",\"valueRequired\":true,\"valueName\":\"search_term_string\"}}],\"inLanguage\":\"en-US\"}]}<\/script>\n<!-- \/ Yoast SEO plugin. -->","yoast_head_json":{"title":"Lodging - My Site","description":"Lodging at Fer \u00e0 Cheval Outfitter assures very comfortable rooms, delicious meals, an excellent service, as well as a pleasant and inviting environment..","robots":{"index":"index","follow":"follow","max-snippet":"max-snippet:-1","max-image-preview":"max-image-preview:large","max-video-preview":"max-video-preview:-1"},"canonical":"https:\/\/feracheval.ca\/en\/lodging\/","og_locale":"en_US","og_type":"article","og_title":"Lodging - My Site","og_description":"Lodging at Fer \u00e0 Cheval Outfitter assures very comfortable rooms, delicious meals, an excellent service, as well as a pleasant and inviting environment..","og_url":"https:\/\/feracheval.ca\/en\/lodging\/","og_site_name":"My Site","article_modified_time":"2023-08-03T18:48:41+00:00","twitter_card":"summary_large_image","twitter_misc":{"Est. reading time":"2 minutes"},"schema":{"@context":"https:\/\/schema.org","@graph":[{"@type":"WebPage","@id":"https:\/\/feracheval.ca\/en\/lodging\/","url":"https:\/\/feracheval.ca\/en\/lodging\/","name":"Lodging - My Site","isPartOf":{"@id":"https:\/\/feracheval.ca\/en\/#website"},"datePublished":"2020-01-26T19:30:20+00:00","dateModified":"2023-08-03T18:48:41+00:00","description":"Lodging at Fer \u00e0 Cheval Outfitter assures very comfortable rooms, delicious meals, an excellent service, as well as a pleasant and inviting environment..","breadcrumb":{"@id":"https:\/\/feracheval.ca\/en\/lodging\/#breadcrumb"},"inLanguage":"en-US","potentialAction":[{"@type":"ReadAction","target":["https:\/\/feracheval.ca\/en\/lodging\/"]}]},{"@type":"BreadcrumbList","@id":"https:\/\/feracheval.ca\/en\/lodging\/#breadcrumb","itemListElement":[{"@type":"ListItem","position":1,"name":"Accueil","item":"https:\/\/feracheval.ca\/en\/"},{"@type":"ListItem","position":2,"name":"Lodging"}]},{"@type":"WebSite","@id":"https:\/\/feracheval.ca\/en\/#website","url":"https:\/\/feracheval.ca\/en\/","name":"My Site","description":"Du r\u00eave \u00e0 la r\u00e9alit\u00e9","potentialAction":[{"@type":"SearchAction","target":{"@type":"EntryPoint","urlTemplate":"https:\/\/feracheval.ca\/en\/?s={search_term_string}"},"query-input":{"@type":"PropertyValueSpecification","valueRequired":true,"valueName":"search_term_string"}}],"inLanguage":"en-US"}]}},"_links":{"self":[{"href":"https:\/\/feracheval.ca\/en\/wp-json\/wp\/v2\/pages\/14442","targetHints":{"allow":["GET"]}}],"collection":[{"href":"https:\/\/feracheval.ca\/en\/wp-json\/wp\/v2\/pages"}],"about":[{"href":"https:\/\/feracheval.ca\/en\/wp-json\/wp\/v2\/types\/page"}],"author":[{"embeddable":true,"href":"https:\/\/feracheval.ca\/en\/wp-json\/wp\/v2\/users\/1"}],"replies":[{"embeddable":true,"href":"https:\/\/feracheval.ca\/en\/wp-json\/wp\/v2\/comments?post=14442"}],"version-history":[{"count":5,"href":"https:\/\/feracheval.ca\/en\/wp-json\/wp\/v2\/pages\/14442\/revisions"}],"predecessor-version":[{"id":16804,"href":"https:\/\/feracheval.ca\/en\/wp-json\/wp\/v2\/pages\/14442\/revisions\/16804"}],"wp:attachment":[{"href":"https:\/\/feracheval.ca\/en\/wp-json\/wp\/v2\/media?parent=14442"}],"curies":[{"name":"wp","href":"https:\/\/api.w.org\/{rel}","templated":true}]}}