{"id":14472,"date":"2020-01-26T14:46:30","date_gmt":"2020-01-26T19:46:30","guid":{"rendered":"https:\/\/feracheval.ca\/?page_id=14472"},"modified":"2020-04-26T12:14:28","modified_gmt":"2020-04-26T16:14:28","slug":"virtual-tour-360","status":"publish","type":"page","link":"https:\/\/feracheval.ca\/en\/virtual-tour-360\/","title":{"rendered":"Virtual Tour 360"},"content":{"rendered":"<p>[et_pb_section fb_built=&#8221;1&#8243; custom_padding_last_edited=&#8221;on|phone&#8221; _builder_version=&#8221;4.0.11&#8243; background_color=&#8221;#ffffff&#8221; custom_margin_tablet=&#8221;0px||||false|false&#8221; custom_margin_phone=&#8221;&#8221; custom_margin_last_edited=&#8221;on|tablet&#8221; custom_padding=&#8221;||57px|||&#8221; custom_padding_tablet=&#8221;6px||||false|false&#8221; custom_padding_phone=&#8221;0px||||false|false&#8221;][et_pb_row custom_padding_last_edited=&#8221;on|tablet&#8221; _builder_version=&#8221;4.0.11&#8243; max_width=&#8221;700px&#8221; max_width_tablet=&#8221;&#8221; max_width_phone=&#8221;&#8221; max_width_last_edited=&#8221;on|phone&#8221; custom_padding=&#8221;0px||0px|||&#8221; custom_padding_tablet=&#8221;0px||6px||false|false&#8221; custom_padding_phone=&#8221;0px||6px||false|false&#8221;][et_pb_column type=&#8221;4_4&#8243; _builder_version=&#8221;4.0.11&#8243;][et_pb_text _builder_version=&#8221;4.0.11&#8243; header_font=&#8221;Roboto Slab|700|||||||&#8221; header_text_align=&#8221;center&#8221; header_text_color=&#8221;#414042&#8243; header_font_size=&#8221;48px&#8221; header_line_height=&#8221;1.2em&#8221; header_2_font=&#8221;Roboto Slab||||||||&#8221; header_2_text_align=&#8221;center&#8221; header_2_text_color=&#8221;#414042&#8243; header_2_font_size=&#8221;52px&#8221; header_3_text_align=&#8221;center&#8221; header_3_font_size=&#8221;29px&#8221; header_4_font=&#8221;|||on|||||&#8221; header_4_text_align=&#8221;center&#8221; header_4_text_color=&#8221;#005d8f&#8221; header_5_text_align=&#8221;center&#8221; header_5_text_color=&#8221;#005d8f&#8221; header_6_font=&#8221;Open Sans|||on|||||&#8221; header_6_text_align=&#8221;center&#8221; header_6_text_color=&#8221;#21100e&#8221; custom_margin=&#8221;||||false|false&#8221; custom_padding=&#8221;||||false|false&#8221; custom_padding_tablet=&#8221;&#8221; custom_padding_phone=&#8221;&#8221; custom_padding_last_edited=&#8221;on|desktop&#8221; hover_enabled=&#8221;0&#8243; header_font_size_tablet=&#8221;&#8221; header_font_size_phone=&#8221;26px&#8221; header_font_size_last_edited=&#8221;on|phone&#8221; header_2_font_size_tablet=&#8221;36px&#8221; header_2_font_size_phone=&#8221;27px&#8221; header_2_font_size_last_edited=&#8221;on|phone&#8221; header_3_font_size_tablet=&#8221;&#8221; header_3_font_size_phone=&#8221;25px&#8221; header_3_font_size_last_edited=&#8221;on|phone&#8221; border_color_left=&#8221;#cf562b&#8221; global_module=&#8221;13575&#8243; saved_tabs=&#8221;all&#8221; header_3_text_color=&#8221;#859452&#8243;]<\/p>\n<h1 class=\"page-title entry-title xl-font-size-title font-roboto\" itemprop=\"headline name\">Virtual Tour 360\u00b0<\/h1>\n<p>[\/et_pb_text][et_pb_text _builder_version=&#8221;4.0.11&#8243; header_font=&#8221;Roboto Slab|700|||||||&#8221; header_text_align=&#8221;center&#8221; header_text_color=&#8221;#414042&#8243; header_font_size=&#8221;48px&#8221; header_line_height=&#8221;1.2em&#8221; header_2_font=&#8221;Roboto Slab||||||||&#8221; header_2_text_align=&#8221;center&#8221; header_2_text_color=&#8221;#414042&#8243; header_2_font_size=&#8221;52px&#8221; header_3_text_align=&#8221;center&#8221; header_3_text_color=&#8221;#3c6d63&#8243; header_3_font_size=&#8221;29px&#8221; header_4_font=&#8221;|||on|||||&#8221; header_4_text_align=&#8221;center&#8221; header_4_text_color=&#8221;#005d8f&#8221; header_5_text_align=&#8221;center&#8221; header_5_text_color=&#8221;#005d8f&#8221; header_6_font=&#8221;Open Sans|||on|||||&#8221; header_6_text_align=&#8221;center&#8221; header_6_text_color=&#8221;#21100e&#8221; custom_margin=&#8221;||||false|false&#8221; custom_padding=&#8221;||||false|false&#8221; custom_padding_tablet=&#8221;&#8221; custom_padding_phone=&#8221;&#8221; custom_padding_last_edited=&#8221;on|desktop&#8221; hover_enabled=&#8221;0&#8243; header_font_size_tablet=&#8221;&#8221; header_font_size_phone=&#8221;26px&#8221; header_font_size_last_edited=&#8221;on|phone&#8221; header_2_font_size_tablet=&#8221;36px&#8221; header_2_font_size_phone=&#8221;27px&#8221; header_2_font_size_last_edited=&#8221;on|phone&#8221; header_3_font_size_tablet=&#8221;&#8221; header_3_font_size_phone=&#8221;25px&#8221; header_3_font_size_last_edited=&#8221;on|phone&#8221; border_color_left=&#8221;#cf562b&#8221; global_module=&#8221;13575&#8243; saved_tabs=&#8221;all&#8221;]<\/p>\n<h3>To fully enjoy your visit of Fer \u00e0 Cheval outfitter, here are the steps:<\/h3>\n<div>\n<ol>\n<li><span>Move the mouse on the image below maintaining the left button pressed\u00a0<\/span><span>for a 360\u00b0 view<\/span><\/li>\n<li><span>Go directly to the desired view using the scroll bar under the logo of\u00a0<\/span><span>the outfitter.<\/span><\/li>\n<\/ol>\n<p>Happy virtual tour!<\/p>\n<\/div>\n<p>[\/et_pb_text][\/et_pb_column][\/et_pb_row][\/et_pb_section][et_pb_section fb_built=&#8221;1&#8243; _builder_version=&#8221;4.0.11&#8243; background_color=&#8221;#414042&#8243; custom_padding=&#8221;59px|||||&#8221;][et_pb_row _builder_version=&#8221;4.0.11&#8243; module_alignment=&#8221;center&#8221; custom_padding=&#8221;0px|||||&#8221;][et_pb_column type=&#8221;4_4&#8243; _builder_version=&#8221;4.0.11&#8243;][et_pb_code _builder_version=&#8221;4.0.11&#8243; custom_padding=&#8221;|0px||||&#8221;]<iframe style=\"height: 587px; width: 1080px; z-index: 1; clear: both;\" src=\"https:\/\/www.vpix.net\/index.php?tour=450171\" name=\"tours\" frameborder=\"0\" marginwidth=\"0\" marginheight=\"0\" scrolling=\"no\" align=\"middle\"><\/iframe>[\/et_pb_code][et_pb_code _builder_version=&#8221;4.0.11&#8243;]<iframe loading=\"lazy\" style=\"border: 0;\" src=\"https:\/\/www.google.com\/maps\/embed?pb=!1m0!3m2!1sfr!2sus!4v1442843538150!6m8!1m7!1s5vRoGMtT1SIAAAQu3_CLhQ!2m2!1d47.52404992493642!2d-75.06535240441485!3f31!4f0!5f0.7820865974627469\" width=\"1080\" height=\"587\" frameborder=\"0\" allowfullscreen=\"allowfullscreen\"><\/iframe>[\/et_pb_code][et_pb_code _builder_version=&#8221;4.0.11&#8243;]<iframe loading=\"lazy\" src=\"https:\/\/www.google.ca\/maps?q=pourvoirie+fer+a+cheval&#038;layer=c&#038;sll=47.919968,-74.613756&#038;cid=1026777828237947662&#038;panoid=iDdOaY3hu5wAAAAGOsO0JA&#038;cbp=13,109.13,,0,0&#038;ie=UTF8&#038;hq=pourvoirie+fer+a+cheval&#038;hnear=&#038;t=m&#038;cbll=47.523445,-75.063261&#038;source=embed&#038;ll=47.521856,-75.063282&#038;spn=0.005579,0.017059&#038;z=16&#038;output=svembed\" width=\"1080\" height=\"587\" frameborder=\"0\" marginwidth=\"0\" marginheight=\"0\" scrolling=\"no\"><\/iframe>[\/et_pb_code][\/et_pb_column][\/et_pb_row][\/et_pb_section]<\/p>\n","protected":false},"excerpt":{"rendered":"<p>[et_pb_section fb_built=&#8221;1&#8243; custom_padding_last_edited=&#8221;on|phone&#8221; _builder_version=&#8221;4.0.11&#8243; background_color=&#8221;#ffffff&#8221; custom_margin_tablet=&#8221;0px||||false|false&#8221; custom_margin_phone=&#8221;&#8221; custom_margin_last_edited=&#8221;on|tablet&#8221; custom_padding=&#8221;||57px|||&#8221; custom_padding_tablet=&#8221;6px||||false|false&#8221; custom_padding_phone=&#8221;0px||||false|false&#8221;][et_pb_row custom_padding_last_edited=&#8221;on|tablet&#8221; _builder_version=&#8221;4.0.11&#8243; max_width=&#8221;700px&#8221; max_width_tablet=&#8221;&#8221; max_width_phone=&#8221;&#8221; max_width_last_edited=&#8221;on|phone&#8221; custom_padding=&#8221;0px||0px|||&#8221; custom_padding_tablet=&#8221;0px||6px||false|false&#8221; custom_padding_phone=&#8221;0px||6px||false|false&#8221;][et_pb_column type=&#8221;4_4&#8243; _builder_version=&#8221;4.0.11&#8243;][et_pb_text _builder_version=&#8221;4.0.11&#8243; header_font=&#8221;Roboto Slab|700|||||||&#8221; header_text_align=&#8221;center&#8221; header_text_color=&#8221;#414042&#8243; header_font_size=&#8221;48px&#8221; header_line_height=&#8221;1.2em&#8221; header_2_font=&#8221;Roboto Slab||||||||&#8221; header_2_text_align=&#8221;center&#8221; header_2_text_color=&#8221;#414042&#8243; header_2_font_size=&#8221;52px&#8221; header_3_text_align=&#8221;center&#8221; header_3_font_size=&#8221;29px&#8221; header_4_font=&#8221;|||on|||||&#8221; header_4_text_align=&#8221;center&#8221; header_4_text_color=&#8221;#005d8f&#8221; header_5_text_align=&#8221;center&#8221; header_5_text_color=&#8221;#005d8f&#8221; header_6_font=&#8221;Open Sans|||on|||||&#8221; header_6_text_align=&#8221;center&#8221; header_6_text_color=&#8221;#21100e&#8221; custom_margin=&#8221;||||false|false&#8221; custom_padding=&#8221;||||false|false&#8221; custom_padding_tablet=&#8221;&#8221; custom_padding_phone=&#8221;&#8221; custom_padding_last_edited=&#8221;on|desktop&#8221; hover_enabled=&#8221;0&#8243; header_font_size_tablet=&#8221;&#8221; header_font_size_phone=&#8221;26px&#8221; header_font_size_last_edited=&#8221;on|phone&#8221; header_2_font_size_tablet=&#8221;36px&#8221; [&hellip;]<\/p>\n","protected":false},"author":1,"featured_media":0,"parent":0,"menu_order":0,"comment_status":"closed","ping_status":"closed","template":"","meta":{"_et_pb_use_builder":"on","_et_pb_old_content":"","_monsterinsights_skip_tracking":false,"_monsterinsights_sitenote_active":false,"_monsterinsights_sitenote_note":"","_monsterinsights_sitenote_category":0,"ngg_post_thumbnail":0,"footnotes":""},"class_list":["post-14472","page","type-page","status-publish","hentry"],"yoast_head":"<!-- This site is optimized with the Yoast SEO plugin v27.4 - https:\/\/yoast.com\/product\/yoast-seo-wordpress\/ -->\n<title>Virtual Tour 360 - My Site<\/title>\n<meta name=\"description\" content=\"Virtual Tour 360 - Go directly to the desired view using the scroll bar under the logo of the outfitter. Happy virtual tour!\" \/>\n<meta name=\"robots\" content=\"index, follow, max-snippet:-1, max-image-preview:large, max-video-preview:-1\" \/>\n<link rel=\"canonical\" href=\"https:\/\/feracheval.ca\/en\/virtual-tour-360\/\" \/>\n<meta property=\"og:locale\" content=\"en_US\" \/>\n<meta property=\"og:type\" content=\"article\" \/>\n<meta property=\"og:title\" content=\"Virtual Tour 360 - My Site\" \/>\n<meta property=\"og:description\" content=\"Virtual Tour 360 - Go directly to the desired view using the scroll bar under the logo of the outfitter. Happy virtual tour!\" \/>\n<meta property=\"og:url\" content=\"https:\/\/feracheval.ca\/en\/virtual-tour-360\/\" \/>\n<meta property=\"og:site_name\" content=\"My Site\" \/>\n<meta property=\"article:modified_time\" content=\"2020-04-26T16:14:28+00:00\" \/>\n<meta name=\"twitter:card\" content=\"summary_large_image\" \/>\n<meta name=\"twitter:label1\" content=\"Est. reading time\" \/>\n\t<meta name=\"twitter:data1\" content=\"3 minutes\" \/>\n<script type=\"application\/ld+json\" class=\"yoast-schema-graph\">{\"@context\":\"https:\\\/\\\/schema.org\",\"@graph\":[{\"@type\":\"WebPage\",\"@id\":\"https:\\\/\\\/feracheval.ca\\\/en\\\/virtual-tour-360\\\/\",\"url\":\"https:\\\/\\\/feracheval.ca\\\/en\\\/virtual-tour-360\\\/\",\"name\":\"Virtual Tour 360 - My Site\",\"isPartOf\":{\"@id\":\"https:\\\/\\\/feracheval.ca\\\/en\\\/#website\"},\"datePublished\":\"2020-01-26T19:46:30+00:00\",\"dateModified\":\"2020-04-26T16:14:28+00:00\",\"description\":\"Virtual Tour 360 - Go directly to the desired view using the scroll bar under the logo of the outfitter. Happy virtual tour!\",\"breadcrumb\":{\"@id\":\"https:\\\/\\\/feracheval.ca\\\/en\\\/virtual-tour-360\\\/#breadcrumb\"},\"inLanguage\":\"en-US\",\"potentialAction\":[{\"@type\":\"ReadAction\",\"target\":[\"https:\\\/\\\/feracheval.ca\\\/en\\\/virtual-tour-360\\\/\"]}]},{\"@type\":\"BreadcrumbList\",\"@id\":\"https:\\\/\\\/feracheval.ca\\\/en\\\/virtual-tour-360\\\/#breadcrumb\",\"itemListElement\":[{\"@type\":\"ListItem\",\"position\":1,\"name\":\"Accueil\",\"item\":\"https:\\\/\\\/feracheval.ca\\\/en\\\/\"},{\"@type\":\"ListItem\",\"position\":2,\"name\":\"Virtual Tour 360\"}]},{\"@type\":\"WebSite\",\"@id\":\"https:\\\/\\\/feracheval.ca\\\/en\\\/#website\",\"url\":\"https:\\\/\\\/feracheval.ca\\\/en\\\/\",\"name\":\"My Site\",\"description\":\"Du r\u00eave \u00e0 la r\u00e9alit\u00e9\",\"potentialAction\":[{\"@type\":\"SearchAction\",\"target\":{\"@type\":\"EntryPoint\",\"urlTemplate\":\"https:\\\/\\\/feracheval.ca\\\/en\\\/?s={search_term_string}\"},\"query-input\":{\"@type\":\"PropertyValueSpecification\",\"valueRequired\":true,\"valueName\":\"search_term_string\"}}],\"inLanguage\":\"en-US\"}]}<\/script>\n<!-- \/ Yoast SEO plugin. -->","yoast_head_json":{"title":"Virtual Tour 360 - My Site","description":"Virtual Tour 360 - Go directly to the desired view using the scroll bar under the logo of the outfitter. Happy virtual tour!","robots":{"index":"index","follow":"follow","max-snippet":"max-snippet:-1","max-image-preview":"max-image-preview:large","max-video-preview":"max-video-preview:-1"},"canonical":"https:\/\/feracheval.ca\/en\/virtual-tour-360\/","og_locale":"en_US","og_type":"article","og_title":"Virtual Tour 360 - My Site","og_description":"Virtual Tour 360 - Go directly to the desired view using the scroll bar under the logo of the outfitter. Happy virtual tour!","og_url":"https:\/\/feracheval.ca\/en\/virtual-tour-360\/","og_site_name":"My Site","article_modified_time":"2020-04-26T16:14:28+00:00","twitter_card":"summary_large_image","twitter_misc":{"Est. reading time":"3 minutes"},"schema":{"@context":"https:\/\/schema.org","@graph":[{"@type":"WebPage","@id":"https:\/\/feracheval.ca\/en\/virtual-tour-360\/","url":"https:\/\/feracheval.ca\/en\/virtual-tour-360\/","name":"Virtual Tour 360 - My Site","isPartOf":{"@id":"https:\/\/feracheval.ca\/en\/#website"},"datePublished":"2020-01-26T19:46:30+00:00","dateModified":"2020-04-26T16:14:28+00:00","description":"Virtual Tour 360 - Go directly to the desired view using the scroll bar under the logo of the outfitter. Happy virtual tour!","breadcrumb":{"@id":"https:\/\/feracheval.ca\/en\/virtual-tour-360\/#breadcrumb"},"inLanguage":"en-US","potentialAction":[{"@type":"ReadAction","target":["https:\/\/feracheval.ca\/en\/virtual-tour-360\/"]}]},{"@type":"BreadcrumbList","@id":"https:\/\/feracheval.ca\/en\/virtual-tour-360\/#breadcrumb","itemListElement":[{"@type":"ListItem","position":1,"name":"Accueil","item":"https:\/\/feracheval.ca\/en\/"},{"@type":"ListItem","position":2,"name":"Virtual Tour 360"}]},{"@type":"WebSite","@id":"https:\/\/feracheval.ca\/en\/#website","url":"https:\/\/feracheval.ca\/en\/","name":"My Site","description":"Du r\u00eave \u00e0 la r\u00e9alit\u00e9","potentialAction":[{"@type":"SearchAction","target":{"@type":"EntryPoint","urlTemplate":"https:\/\/feracheval.ca\/en\/?s={search_term_string}"},"query-input":{"@type":"PropertyValueSpecification","valueRequired":true,"valueName":"search_term_string"}}],"inLanguage":"en-US"}]}},"_links":{"self":[{"href":"https:\/\/feracheval.ca\/en\/wp-json\/wp\/v2\/pages\/14472","targetHints":{"allow":["GET"]}}],"collection":[{"href":"https:\/\/feracheval.ca\/en\/wp-json\/wp\/v2\/pages"}],"about":[{"href":"https:\/\/feracheval.ca\/en\/wp-json\/wp\/v2\/types\/page"}],"author":[{"embeddable":true,"href":"https:\/\/feracheval.ca\/en\/wp-json\/wp\/v2\/users\/1"}],"replies":[{"embeddable":true,"href":"https:\/\/feracheval.ca\/en\/wp-json\/wp\/v2\/comments?post=14472"}],"version-history":[{"count":5,"href":"https:\/\/feracheval.ca\/en\/wp-json\/wp\/v2\/pages\/14472\/revisions"}],"predecessor-version":[{"id":16308,"href":"https:\/\/feracheval.ca\/en\/wp-json\/wp\/v2\/pages\/14472\/revisions\/16308"}],"wp:attachment":[{"href":"https:\/\/feracheval.ca\/en\/wp-json\/wp\/v2\/media?parent=14472"}],"curies":[{"name":"wp","href":"https:\/\/api.w.org\/{rel}","templated":true}]}}