{"id":14587,"date":"2020-02-03T14:46:51","date_gmt":"2020-02-03T19:46:51","guid":{"rendered":"https:\/\/feracheval.ca\/?page_id=14587"},"modified":"2023-08-03T14:47:07","modified_gmt":"2023-08-03T18:47:07","slug":"inn","status":"publish","type":"page","link":"https:\/\/feracheval.ca\/en\/inn\/","title":{"rendered":"Inn"},"content":{"rendered":"<p>[et_pb_section fb_built=&#8221;1&#8243; _builder_version=&#8221;4.0.11&#8243; background_image=&#8221;https:\/\/feracheval.ca\/wp-content\/uploads\/2023\/08\/PourvoirieFeraCheval-auberge-vue-loin-1-scaled.jpg&#8221; custom_margin=&#8221;||||false|false&#8221; custom_padding=&#8221;39px||0px||false|false&#8221;][et_pb_row custom_padding_last_edited=&#8221;on|phone&#8221; _builder_version=&#8221;4.0.11&#8243; custom_margin=&#8221;-38px||||false|false&#8221; custom_padding=&#8221;0px||712px|||&#8221; custom_padding_tablet=&#8221;&#8221; custom_padding_phone=&#8221;0px||367px||false|false&#8221;][et_pb_column type=&#8221;4_4&#8243; _builder_version=&#8221;4.0.11&#8243;][et_pb_text _builder_version=&#8221;4.0.11&#8243; header_font=&#8221;Roboto Slab|700|||||||&#8221; header_text_align=&#8221;center&#8221; header_text_color=&#8221;#414042&#8243; header_font_size=&#8221;48px&#8221; header_line_height=&#8221;1.2em&#8221; header_2_font=&#8221;Roboto Slab||||||||&#8221; header_2_text_align=&#8221;center&#8221; header_2_text_color=&#8221;#414042&#8243; header_2_font_size=&#8221;52px&#8221; header_3_text_align=&#8221;center&#8221; header_3_text_color=&#8221;#859452&#8243; header_3_font_size=&#8221;29px&#8221; header_4_font=&#8221;|||on|||||&#8221; header_4_text_align=&#8221;center&#8221; header_4_text_color=&#8221;#005d8f&#8221; header_5_text_align=&#8221;center&#8221; header_5_text_color=&#8221;#005d8f&#8221; header_6_font=&#8221;Open Sans|||on|||||&#8221; header_6_text_align=&#8221;center&#8221; header_6_text_color=&#8221;#21100e&#8221; custom_margin=&#8221;50px||||false|false&#8221; custom_padding=&#8221;||||false|false&#8221; custom_padding_tablet=&#8221;&#8221; custom_padding_phone=&#8221;&#8221; custom_padding_last_edited=&#8221;on|desktop&#8221; header_font_size_tablet=&#8221;&#8221; header_font_size_phone=&#8221;26px&#8221; header_font_size_last_edited=&#8221;on|phone&#8221; header_2_font_size_tablet=&#8221;36px&#8221; header_2_font_size_phone=&#8221;27px&#8221; header_2_font_size_last_edited=&#8221;on|phone&#8221; header_3_font_size_tablet=&#8221;&#8221; header_3_font_size_phone=&#8221;25px&#8221; header_3_font_size_last_edited=&#8221;on|phone&#8221; border_color_left=&#8221;#cf562b&#8221; saved_tabs=&#8221;all&#8221;]<\/p>\n<h1>Discover our spacious and luxurious suites<\/h1>\n<p><span style=\"font-size: 16px;\"><\/span><\/p>\n<p>[\/et_pb_text][\/et_pb_column][\/et_pb_row][\/et_pb_section][et_pb_section fb_built=&#8221;1&#8243; _builder_version=&#8221;4.0.11&#8243; custom_margin=&#8221;46px|||||&#8221; custom_margin_tablet=&#8221;6px||||false|false&#8221; custom_margin_phone=&#8221;0px||||false|false&#8221; custom_margin_last_edited=&#8221;on|phone&#8221; custom_padding=&#8221;0px||6px||false|false&#8221;][et_pb_row _builder_version=&#8221;4.0.11&#8243; custom_padding=&#8221;||0px|||&#8221;][et_pb_column type=&#8221;4_4&#8243; _builder_version=&#8221;4.0.11&#8243;][et_pb_text _builder_version=&#8221;4.0.11&#8243; header_font=&#8221;Roboto Slab|700|||||||&#8221; header_text_align=&#8221;center&#8221; header_text_color=&#8221;#414042&#8243; header_font_size=&#8221;38px&#8221; header_line_height=&#8221;1.2em&#8221; header_2_font=&#8221;Roboto Slab||||||||&#8221; header_2_text_align=&#8221;center&#8221; header_2_text_color=&#8221;#414042&#8243; header_2_font_size=&#8221;38px&#8221; header_2_line_height=&#8221;1.2em&#8221; header_3_text_align=&#8221;center&#8221; header_3_text_color=&#8221;#859452&#8243; header_3_font_size=&#8221;29px&#8221; header_4_font=&#8221;|||on|||||&#8221; header_4_text_align=&#8221;center&#8221; header_4_text_color=&#8221;#005d8f&#8221; header_5_text_align=&#8221;center&#8221; header_5_text_color=&#8221;#005d8f&#8221; header_6_font=&#8221;Open Sans|||on|||||&#8221; header_6_text_align=&#8221;center&#8221; header_6_text_color=&#8221;#21100e&#8221; custom_margin=&#8221;||||false|false&#8221; custom_padding=&#8221;||||false|false&#8221; custom_padding_tablet=&#8221;&#8221; custom_padding_phone=&#8221;&#8221; custom_padding_last_edited=&#8221;on|desktop&#8221; header_font_size_tablet=&#8221;&#8221; header_font_size_phone=&#8221;24px&#8221; header_font_size_last_edited=&#8221;on|phone&#8221; header_2_font_size_tablet=&#8221;38px&#8221; header_2_font_size_phone=&#8221;24px&#8221; header_2_font_size_last_edited=&#8221;on|phone&#8221; header_3_font_size_tablet=&#8221;&#8221; header_3_font_size_phone=&#8221;25px&#8221; header_3_font_size_last_edited=&#8221;on|phone&#8221; border_color_left=&#8221;#cf562b&#8221; saved_tabs=&#8221;all&#8221;]<\/p>\n<h2>Inn<\/h2>\n<p>[\/et_pb_text][et_pb_text _builder_version=&#8221;4.0.11&#8243; link_font=&#8221;|700|||||||&#8221; link_text_color=&#8221;#769a48&#8243;]<\/p>\n<p><strong>The outfitter Fer \u00e0 Cheval is rated 4 stars according to the <em>Aubergistes de la For\u00eat <\/em>(QOF). This classification entails that the accommodation units, in the forest, have superior facilities and are offering several services and amenities for their customers.<\/strong><\/p>\n<p><span>This rating assures very comfortable rooms, delicious meals, an excellent service, as well as a pleasant and inviting environment for everyone.<\/span><\/p>\n<p><span>A stay at the inn included: multiples thematic suites (condo-style suites) and luxurious VIP suites, with each a private bathroom. The rooms have a great panoramic view of the Nasigon Lake.<\/span><\/p>\n<p>[\/et_pb_text][\/et_pb_column][\/et_pb_row][et_pb_row column_structure=&#8221;3_5,2_5&#8243; _builder_version=&#8221;4.0.11&#8243; custom_padding=&#8221;24px|||||&#8221;][et_pb_column type=&#8221;3_5&#8243; _builder_version=&#8221;4.0.11&#8243;][et_pb_text _builder_version=&#8221;4.0.11&#8243; link_font=&#8221;|700|||||||&#8221; link_text_color=&#8221;#769a48&#8243;]<\/p>\n<p><span><\/span><\/p>\n<p><span>Maximum capacity: 38<\/span><\/p>\n<p><span>Available with the following package:<\/span><\/p>\n<ul>\n<li><a href=\"https:\/\/feracheval.ca\/en\/moose-hunting\/\">Moose Hunting \u2013 American Plan<\/a><\/li>\n<li><a href=\"https:\/\/feracheval.ca\/en\/black-bear-hunting\/\">Bear Hunting \u2013\u00a0American Plan<\/a><\/li>\n<li><a href=\"https:\/\/feracheval.ca\/en\/small-game-hunting\/\">Small Game Hunting<\/a><a href=\"https:\/\/feracheval.ca\/en\/black-bear-hunting\/\"> \u2013\u00a0<\/a><a href=\"https:\/\/feracheval.ca\/en\/small-game-hunting\/\">American Plan<\/a><\/li>\n<li><a href=\"https:\/\/feracheval.ca\/en\/fishing\/\">Fishing \u2013\u00a0American Plan<\/a><\/li>\n<li><a href=\"https:\/\/feracheval.ca\/en\/atv-quad\/\">ATV Quad \u2013\u00a0American Plan<\/a><\/li>\n<li><a href=\"https:\/\/feracheval.ca\/en\/snowmobile\/\">Snowmobile \u2013\u00a0American Plan<\/a><\/li>\n<li><a href=\"https:\/\/feracheval.ca\/en\/packages\/\"><span>H\u00e9bergement travailleur<\/span><\/a><\/li>\n<li><a href=\"https:\/\/feracheval.ca\/en\/packages\/\"><span>Corporatif et r\u00e9unions d\u2019affaires<\/span><\/a><\/li>\n<\/ul>\n<p>[\/et_pb_text][\/et_pb_column][et_pb_column type=&#8221;2_5&#8243; _builder_version=&#8221;4.0.11&#8243;][et_pb_text _builder_version=&#8221;4.0.11&#8243; header_font_size=&#8221;26px&#8221; header_2_font=&#8221;Roboto Slab|500||on|||||&#8221; header_2_text_align=&#8221;center&#8221; header_2_text_color=&#8221;#ffffff&#8221; header_2_font_size=&#8221;25px&#8221; header_2_letter_spacing=&#8221;1px&#8221; use_background_color_gradient=&#8221;on&#8221; background_color_gradient_start=&#8221;rgba(0,0,0,0)&#8221; background_color_gradient_end=&#8221;rgba(0,0,0,0.6)&#8221; background_color_gradient_start_position=&#8221;82%&#8221; background_color_gradient_end_position=&#8221;0%&#8221; background_color_gradient_overlays_image=&#8221;on&#8221; background_image=&#8221;https:\/\/feracheval.ca\/wp-content\/uploads\/2012\/08\/chalet-for\u00eat-lac-duchastel-pourvoirie-feracheval-laurentides.jpg&#8221; custom_margin=&#8221;0px|||||&#8221; custom_padding=&#8221;270px||2px||false|false&#8221; custom_padding_tablet=&#8221;&#8221; custom_padding_phone=&#8221;&#8221; custom_padding_last_edited=&#8221;on|desktop&#8221; animation_style=&#8221;fade&#8221; link_option_url=&#8221;https:\/\/feracheval.ca\/en\/cabins\/&#8221; header_2_font_size_tablet=&#8221;&#8221; header_2_font_size_phone=&#8221;25px&#8221; header_2_font_size_last_edited=&#8221;on|desktop&#8221; box_shadow_style=&#8221;preset2&#8243; saved_tabs=&#8221;all&#8221;]<\/p>\n<h2>cabins<\/h2>\n<p>[\/et_pb_text][\/et_pb_column][\/et_pb_row][\/et_pb_section][et_pb_section fb_built=&#8221;1&#8243; _builder_version=&#8221;4.0.11&#8243; background_color=&#8221;#414042&#8243; custom_padding=&#8221;21px|||||&#8221;][et_pb_row column_structure=&#8221;1_4,1_4,1_4,1_4&#8243; use_custom_gutter=&#8221;on&#8221; gutter_width=&#8221;2&#8243; make_equal=&#8221;on&#8221; _builder_version=&#8221;4.0.11&#8243; width=&#8221;95%&#8221; max_width=&#8221;2560px&#8221;][et_pb_column type=&#8221;1_4&#8243; _builder_version=&#8221;4.0.11&#8243; background_color=&#8221;#ffffff&#8221; border_width_all=&#8221;2px&#8221; box_shadow_style=&#8221;preset2&#8243; box_shadow_color=&#8221;rgba(0,0,0,0.55)&#8221;][et_pb_blurb title=&#8221;Fer \u00e0 Cheval Inn&#8221; url=&#8221;https:\/\/feracheval.ca\/en\/fer-a-cheval-outfitter-inn\/&#8221; image=&#8221;https:\/\/feracheval.ca\/wp-content\/uploads\/2010\/05\/PourvoirieFeraCheval-auberge-salon-scaled.jpg&#8221; _builder_version=&#8221;4.0.11&#8243; header_level=&#8221;h3&#8243; header_font=&#8221;Roboto Slab|||on|||||&#8221; header_text_align=&#8221;center&#8221; header_text_color=&#8221;#21100e&#8221; text_orientation=&#8221;center&#8221; custom_margin=&#8221;||||true|false&#8221; custom_padding=&#8221;5%|5%|5%|5%|true|true&#8221; link_option_url=&#8221;https:\/\/feracheval.ca\/en\/fer-a-cheval-outfitter-inn\/&#8221; hover_enabled=&#8221;0&#8243;]<\/p>\n<p>Lodge [4 Stars] Inn 2 VIP Luxury suites : with spacious rooms to relax. 4 Thematic suites : condo type room accommodation on two levels. 8 Cozy Rooms: single and double beds with private bathroom and shower.<\/p>\n<p>[\/et_pb_blurb][\/et_pb_column][et_pb_column type=&#8221;1_4&#8243; _builder_version=&#8221;4.0.11&#8243; background_color=&#8221;#ffffff&#8221; border_width_all=&#8221;2px&#8221; box_shadow_style=&#8221;preset2&#8243; box_shadow_color=&#8221;rgba(0,0,0,0.55)&#8221;][et_pb_blurb title=&#8221;Luxury VIP Suites&#8221; url=&#8221;https:\/\/feracheval.ca\/en\/vip-room-1\/&#8221; image=&#8221;https:\/\/feracheval.ca\/wp-content\/uploads\/2023\/08\/PourvoirieFeraCheval-suite-vip-chambre-scaled.jpg&#8221; _builder_version=&#8221;4.0.11&#8243; header_level=&#8221;h3&#8243; header_font=&#8221;Roboto Slab|||on|||||&#8221; header_text_align=&#8221;center&#8221; header_text_color=&#8221;#21100e&#8221; background_enable_image=&#8221;off&#8221; text_orientation=&#8221;center&#8221; custom_margin=&#8221;||||true|false&#8221; custom_padding=&#8221;5%|5%|5%|5%|true|true&#8221; link_option_url=&#8221;https:\/\/feracheval.ca\/en\/vip-room-1\/&#8221; hover_enabled=&#8221;0&#8243;]<\/p>\n<p>Capacity : Sleeps 3<\/p>\n<p>VIP Luxury suites with panoramic view on the beautiful Nasigon lake and marvelous sunsets are nested inside the Inn\u2019s pavilion. Recently renovated with all wooden material which gives the room a very rustic atmosphere.<\/p>\n<p>[\/et_pb_blurb][\/et_pb_column][et_pb_column type=&#8221;1_4&#8243; _builder_version=&#8221;4.0.11&#8243; background_color=&#8221;#ffffff&#8221; border_width_all=&#8221;2px&#8221; box_shadow_style=&#8221;preset2&#8243; box_shadow_color=&#8221;rgba(0,0,0,0.55)&#8221;][et_pb_blurb title=&#8221;Condos&#8221; url=&#8221;https:\/\/feracheval.ca\/en\/bear-suite\/&#8221; image=&#8221;https:\/\/feracheval.ca\/wp-content\/uploads\/2023\/08\/PourvoirieFeraCheval-condo-chambre-scaled.jpg&#8221; _builder_version=&#8221;4.0.11&#8243; header_level=&#8221;h3&#8243; header_font=&#8221;Roboto Slab|||on|||||&#8221; header_text_align=&#8221;center&#8221; header_text_color=&#8221;#21100e&#8221; text_orientation=&#8221;center&#8221; custom_margin=&#8221;||||true|false&#8221; custom_padding=&#8221;5%|5%|5%|5%|true|true&#8221; link_option_url=&#8221;https:\/\/feracheval.ca\/en\/bear-suite\/&#8221; hover_enabled=&#8221;0&#8243;]<\/p>\n<p>Luxury Condo type room accommodations. Spacious kitchen and stove in living room.&nbsp; Three (3) bedrooms, on two levels,&nbsp; with each their own private bathroom, with beautiful view on Nasigon lake.&nbsp;<\/p>\n<p>[\/et_pb_blurb][\/et_pb_column][et_pb_column type=&#8221;1_4&#8243; _builder_version=&#8221;4.0.11&#8243; background_color=&#8221;#ffffff&#8221; border_width_all=&#8221;2px&#8221; box_shadow_style=&#8221;preset2&#8243; box_shadow_color=&#8221;rgba(0,0,0,0.55)&#8221;][et_pb_blurb title=&#8221;Cozy Rooms &#8221; url=&#8221;https:\/\/feracheval.ca\/en\/rooms-8\/&#8221; image=&#8221;https:\/\/feracheval.ca\/wp-content\/uploads\/2020\/02\/chambre-2.jpg&#8221; _builder_version=&#8221;4.0.11&#8243; header_level=&#8221;h3&#8243; header_font=&#8221;Roboto Slab|||on|||||&#8221; header_text_align=&#8221;center&#8221; header_text_color=&#8221;#21100e&#8221; text_orientation=&#8221;center&#8221; custom_margin=&#8221;||||true|false&#8221; custom_padding=&#8221;5%|5%|5%|5%|true|true&#8221; link_option_url=&#8221;https:\/\/feracheval.ca\/en\/rooms-14\/&#8221;]<\/p>\n<p>Units of superior comfort for single, double or triple occupancy. They are renowned to be the best \u201chome away from home\u201d room accommodation. All rooms with shower and private bathroom.<\/p>\n<p>[\/et_pb_blurb][\/et_pb_column][\/et_pb_row][et_pb_row _builder_version=&#8221;4.0.11&#8243;][et_pb_column type=&#8221;4_4&#8243; _builder_version=&#8221;4.0.11&#8243;][et_pb_button button_url=&#8221;https:\/\/feracheval.ca\/en\/contact-us\/&#8221; button_text=&#8221;Book Now&#8221; button_alignment=&#8221;center&#8221; _builder_version=&#8221;4.0.11&#8243; custom_button=&#8221;on&#8221; button_text_color=&#8221;#ffffff&#8221; button_bg_color=&#8221;#769a48&#8243; button_border_width=&#8221;0px&#8221; button_border_color=&#8221;#21100e&#8221; button_border_radius=&#8221;0px&#8221; button_font=&#8221;|600||on|||||&#8221; button_use_icon=&#8221;off&#8221; custom_margin=&#8221;0px||24px||false|false&#8221; button_text_size_tablet=&#8221;19px&#8221; button_text_size_phone=&#8221;15px&#8221; button_text_size_last_edited=&#8221;on|tablet&#8221; box_shadow_style=&#8221;preset2&#8243; box_shadow_horizontal=&#8221;4px&#8221; box_shadow_vertical=&#8221;4px&#8221; box_shadow_blur=&#8221;4px&#8221; box_shadow_color=&#8221;rgba(63,77,63,0.88)&#8221; saved_tabs=&#8221;all&#8221; button_bg_color__hover_enabled=&#8221;on|desktop&#8221; button_text_color__hover_enabled=&#8221;on|hover&#8221; button_text_color__hover=&#8221;#ffffff&#8221; button_bg_color__hover=&#8221;#48aa9a&#8221; button_bg_enable_color__hover=&#8221;on&#8221; button_border_width__hover_enabled=&#8221;on|hover&#8221; button_border_width__hover=&#8221;0px&#8221; button_border_color__hover_enabled=&#8221;on|hover&#8221; button_border_color__hover=&#8221;rgba(0,0,0,0)&#8221;][\/et_pb_button][\/et_pb_column][\/et_pb_row][\/et_pb_section]<\/p>\n","protected":false},"excerpt":{"rendered":"<p>[et_pb_section fb_built=&#8221;1&#8243; _builder_version=&#8221;4.0.11&#8243; background_image=&#8221;https:\/\/feracheval.ca\/wp-content\/uploads\/2023\/08\/PourvoirieFeraCheval-auberge-vue-loin-1-scaled.jpg&#8221; custom_margin=&#8221;||||false|false&#8221; custom_padding=&#8221;39px||0px||false|false&#8221;][et_pb_row custom_padding_last_edited=&#8221;on|phone&#8221; _builder_version=&#8221;4.0.11&#8243; custom_margin=&#8221;-38px||||false|false&#8221; custom_padding=&#8221;0px||712px|||&#8221; custom_padding_tablet=&#8221;&#8221; custom_padding_phone=&#8221;0px||367px||false|false&#8221;][et_pb_column type=&#8221;4_4&#8243; _builder_version=&#8221;4.0.11&#8243;][et_pb_text _builder_version=&#8221;4.0.11&#8243; header_font=&#8221;Roboto Slab|700|||||||&#8221; header_text_align=&#8221;center&#8221; header_text_color=&#8221;#414042&#8243; header_font_size=&#8221;48px&#8221; header_line_height=&#8221;1.2em&#8221; header_2_font=&#8221;Roboto Slab||||||||&#8221; header_2_text_align=&#8221;center&#8221; header_2_text_color=&#8221;#414042&#8243; header_2_font_size=&#8221;52px&#8221; header_3_text_align=&#8221;center&#8221; header_3_text_color=&#8221;#859452&#8243; header_3_font_size=&#8221;29px&#8221; header_4_font=&#8221;|||on|||||&#8221; header_4_text_align=&#8221;center&#8221; header_4_text_color=&#8221;#005d8f&#8221; header_5_text_align=&#8221;center&#8221; header_5_text_color=&#8221;#005d8f&#8221; header_6_font=&#8221;Open Sans|||on|||||&#8221; header_6_text_align=&#8221;center&#8221; header_6_text_color=&#8221;#21100e&#8221; custom_margin=&#8221;50px||||false|false&#8221; custom_padding=&#8221;||||false|false&#8221; custom_padding_tablet=&#8221;&#8221; custom_padding_phone=&#8221;&#8221; custom_padding_last_edited=&#8221;on|desktop&#8221; header_font_size_tablet=&#8221;&#8221; header_font_size_phone=&#8221;26px&#8221; header_font_size_last_edited=&#8221;on|phone&#8221; header_2_font_size_tablet=&#8221;36px&#8221; header_2_font_size_phone=&#8221;27px&#8221; header_2_font_size_last_edited=&#8221;on|phone&#8221; header_3_font_size_tablet=&#8221;&#8221; header_3_font_size_phone=&#8221;25px&#8221; header_3_font_size_last_edited=&#8221;on|phone&#8221; border_color_left=&#8221;#cf562b&#8221; saved_tabs=&#8221;all&#8221;] Discover [&hellip;]<\/p>\n","protected":false},"author":1,"featured_media":0,"parent":0,"menu_order":0,"comment_status":"closed","ping_status":"closed","template":"","meta":{"_et_pb_use_builder":"on","_et_pb_old_content":"","_monsterinsights_skip_tracking":false,"_monsterinsights_sitenote_active":false,"_monsterinsights_sitenote_note":"","_monsterinsights_sitenote_category":0,"ngg_post_thumbnail":0,"footnotes":""},"class_list":["post-14587","page","type-page","status-publish","hentry"],"yoast_head":"<!-- This site is optimized with the Yoast SEO plugin v27.5 - https:\/\/yoast.com\/product\/yoast-seo-wordpress\/ -->\n<title>Inn - My Site<\/title>\n<meta name=\"description\" content=\"Inn 4 stars according to the Aubergistes de la For\u00eat (QOF). This classification entails superior facilities and offering several services and amenities...\" \/>\n<meta name=\"robots\" content=\"index, follow, max-snippet:-1, max-image-preview:large, max-video-preview:-1\" \/>\n<link rel=\"canonical\" href=\"https:\/\/feracheval.ca\/en\/inn\/\" \/>\n<meta property=\"og:locale\" content=\"en_US\" \/>\n<meta property=\"og:type\" content=\"article\" \/>\n<meta property=\"og:title\" content=\"Inn - My Site\" \/>\n<meta property=\"og:description\" content=\"Inn 4 stars according to the Aubergistes de la For\u00eat (QOF). This classification entails superior facilities and offering several services and amenities...\" \/>\n<meta property=\"og:url\" content=\"https:\/\/feracheval.ca\/en\/inn\/\" \/>\n<meta property=\"og:site_name\" content=\"My Site\" \/>\n<meta property=\"article:modified_time\" content=\"2023-08-03T18:47:07+00:00\" \/>\n<meta name=\"twitter:card\" content=\"summary_large_image\" \/>\n<meta name=\"twitter:label1\" content=\"Est. reading time\" \/>\n\t<meta name=\"twitter:data1\" content=\"3 minutes\" \/>\n<script type=\"application\/ld+json\" class=\"yoast-schema-graph\">{\"@context\":\"https:\\\/\\\/schema.org\",\"@graph\":[{\"@type\":\"WebPage\",\"@id\":\"https:\\\/\\\/feracheval.ca\\\/en\\\/inn\\\/\",\"url\":\"https:\\\/\\\/feracheval.ca\\\/en\\\/inn\\\/\",\"name\":\"Inn - My Site\",\"isPartOf\":{\"@id\":\"https:\\\/\\\/feracheval.ca\\\/en\\\/#website\"},\"datePublished\":\"2020-02-03T19:46:51+00:00\",\"dateModified\":\"2023-08-03T18:47:07+00:00\",\"description\":\"Inn 4 stars according to the Aubergistes de la For\u00eat (QOF). This classification entails superior facilities and offering several services and amenities...\",\"breadcrumb\":{\"@id\":\"https:\\\/\\\/feracheval.ca\\\/en\\\/inn\\\/#breadcrumb\"},\"inLanguage\":\"en-US\",\"potentialAction\":[{\"@type\":\"ReadAction\",\"target\":[\"https:\\\/\\\/feracheval.ca\\\/en\\\/inn\\\/\"]}]},{\"@type\":\"BreadcrumbList\",\"@id\":\"https:\\\/\\\/feracheval.ca\\\/en\\\/inn\\\/#breadcrumb\",\"itemListElement\":[{\"@type\":\"ListItem\",\"position\":1,\"name\":\"Accueil\",\"item\":\"https:\\\/\\\/feracheval.ca\\\/en\\\/\"},{\"@type\":\"ListItem\",\"position\":2,\"name\":\"Inn\"}]},{\"@type\":\"WebSite\",\"@id\":\"https:\\\/\\\/feracheval.ca\\\/en\\\/#website\",\"url\":\"https:\\\/\\\/feracheval.ca\\\/en\\\/\",\"name\":\"My Site\",\"description\":\"Du r\u00eave \u00e0 la r\u00e9alit\u00e9\",\"potentialAction\":[{\"@type\":\"SearchAction\",\"target\":{\"@type\":\"EntryPoint\",\"urlTemplate\":\"https:\\\/\\\/feracheval.ca\\\/en\\\/?s={search_term_string}\"},\"query-input\":{\"@type\":\"PropertyValueSpecification\",\"valueRequired\":true,\"valueName\":\"search_term_string\"}}],\"inLanguage\":\"en-US\"}]}<\/script>\n<!-- \/ Yoast SEO plugin. -->","yoast_head_json":{"title":"Inn - My Site","description":"Inn 4 stars according to the Aubergistes de la For\u00eat (QOF). This classification entails superior facilities and offering several services and amenities...","robots":{"index":"index","follow":"follow","max-snippet":"max-snippet:-1","max-image-preview":"max-image-preview:large","max-video-preview":"max-video-preview:-1"},"canonical":"https:\/\/feracheval.ca\/en\/inn\/","og_locale":"en_US","og_type":"article","og_title":"Inn - My Site","og_description":"Inn 4 stars according to the Aubergistes de la For\u00eat (QOF). This classification entails superior facilities and offering several services and amenities...","og_url":"https:\/\/feracheval.ca\/en\/inn\/","og_site_name":"My Site","article_modified_time":"2023-08-03T18:47:07+00:00","twitter_card":"summary_large_image","twitter_misc":{"Est. reading time":"3 minutes"},"schema":{"@context":"https:\/\/schema.org","@graph":[{"@type":"WebPage","@id":"https:\/\/feracheval.ca\/en\/inn\/","url":"https:\/\/feracheval.ca\/en\/inn\/","name":"Inn - My Site","isPartOf":{"@id":"https:\/\/feracheval.ca\/en\/#website"},"datePublished":"2020-02-03T19:46:51+00:00","dateModified":"2023-08-03T18:47:07+00:00","description":"Inn 4 stars according to the Aubergistes de la For\u00eat (QOF). This classification entails superior facilities and offering several services and amenities...","breadcrumb":{"@id":"https:\/\/feracheval.ca\/en\/inn\/#breadcrumb"},"inLanguage":"en-US","potentialAction":[{"@type":"ReadAction","target":["https:\/\/feracheval.ca\/en\/inn\/"]}]},{"@type":"BreadcrumbList","@id":"https:\/\/feracheval.ca\/en\/inn\/#breadcrumb","itemListElement":[{"@type":"ListItem","position":1,"name":"Accueil","item":"https:\/\/feracheval.ca\/en\/"},{"@type":"ListItem","position":2,"name":"Inn"}]},{"@type":"WebSite","@id":"https:\/\/feracheval.ca\/en\/#website","url":"https:\/\/feracheval.ca\/en\/","name":"My Site","description":"Du r\u00eave \u00e0 la r\u00e9alit\u00e9","potentialAction":[{"@type":"SearchAction","target":{"@type":"EntryPoint","urlTemplate":"https:\/\/feracheval.ca\/en\/?s={search_term_string}"},"query-input":{"@type":"PropertyValueSpecification","valueRequired":true,"valueName":"search_term_string"}}],"inLanguage":"en-US"}]}},"_links":{"self":[{"href":"https:\/\/feracheval.ca\/en\/wp-json\/wp\/v2\/pages\/14587","targetHints":{"allow":["GET"]}}],"collection":[{"href":"https:\/\/feracheval.ca\/en\/wp-json\/wp\/v2\/pages"}],"about":[{"href":"https:\/\/feracheval.ca\/en\/wp-json\/wp\/v2\/types\/page"}],"author":[{"embeddable":true,"href":"https:\/\/feracheval.ca\/en\/wp-json\/wp\/v2\/users\/1"}],"replies":[{"embeddable":true,"href":"https:\/\/feracheval.ca\/en\/wp-json\/wp\/v2\/comments?post=14587"}],"version-history":[{"count":5,"href":"https:\/\/feracheval.ca\/en\/wp-json\/wp\/v2\/pages\/14587\/revisions"}],"predecessor-version":[{"id":16802,"href":"https:\/\/feracheval.ca\/en\/wp-json\/wp\/v2\/pages\/14587\/revisions\/16802"}],"wp:attachment":[{"href":"https:\/\/feracheval.ca\/en\/wp-json\/wp\/v2\/media?parent=14587"}],"curies":[{"name":"wp","href":"https:\/\/api.w.org\/{rel}","templated":true}]}}