{"id":15259,"date":"2020-02-18T09:20:38","date_gmt":"2020-02-18T14:20:38","guid":{"rendered":"https:\/\/feracheval.ca\/?page_id=15259"},"modified":"2020-04-26T12:10:15","modified_gmt":"2020-04-26T16:10:15","slug":"snowmobile-album","status":"publish","type":"page","link":"https:\/\/feracheval.ca\/en\/snowmobile-album\/","title":{"rendered":"Snowmobile album"},"content":{"rendered":"ngg_shortcode_0_placeholder\n","protected":false},"excerpt":{"rendered":"<p>&#8221; order_by=&#8221;imagedate&#8221; order_direction=&#8221;DESC&#8221; returns=&#8221;included&#8221; maximum_entity_count=&#8221;500&#8243;]&nbsp;<\/p>\n","protected":false},"author":1,"featured_media":0,"parent":0,"menu_order":0,"comment_status":"closed","ping_status":"closed","template":"","meta":{"_et_pb_use_builder":"","_et_pb_old_content":"","_monsterinsights_skip_tracking":false,"_monsterinsights_sitenote_active":false,"_monsterinsights_sitenote_note":"","_monsterinsights_sitenote_category":0,"ngg_post_thumbnail":0,"footnotes":""},"class_list":["post-15259","page","type-page","status-publish","hentry"],"yoast_head":"<!-- This site is optimized with the Yoast SEO plugin v27.4 - https:\/\/yoast.com\/product\/yoast-seo-wordpress\/ -->\n<title>Snowmobile album - My Site<\/title>\n<meta name=\"description\" content=\"Snowmobile album. NEW! Off-road snowmobile at only 5 to 10 kilometers from the outfitter, off-road enthusiasts. Perfect for some boost of adrenaline...\" \/>\n<meta name=\"robots\" content=\"index, follow, max-snippet:-1, max-image-preview:large, max-video-preview:-1\" \/>\n<link rel=\"canonical\" href=\"https:\/\/feracheval.ca\/en\/snowmobile-album\/\" \/>\n<meta property=\"og:locale\" content=\"en_US\" \/>\n<meta property=\"og:type\" content=\"article\" \/>\n<meta property=\"og:title\" content=\"Snowmobile album - My Site\" \/>\n<meta property=\"og:description\" content=\"Snowmobile album. NEW! Off-road snowmobile at only 5 to 10 kilometers from the outfitter, off-road enthusiasts. Perfect for some boost of adrenaline...\" \/>\n<meta property=\"og:url\" content=\"https:\/\/feracheval.ca\/en\/snowmobile-album\/\" \/>\n<meta property=\"og:site_name\" content=\"My Site\" \/>\n<meta property=\"article:modified_time\" content=\"2020-04-26T16:10:15+00:00\" \/>\n<meta name=\"twitter:card\" content=\"summary_large_image\" \/>\n<script type=\"application\/ld+json\" class=\"yoast-schema-graph\">{\"@context\":\"https:\\\/\\\/schema.org\",\"@graph\":[{\"@type\":\"WebPage\",\"@id\":\"https:\\\/\\\/feracheval.ca\\\/en\\\/snowmobile-album\\\/\",\"url\":\"https:\\\/\\\/feracheval.ca\\\/en\\\/snowmobile-album\\\/\",\"name\":\"Snowmobile album - My Site\",\"isPartOf\":{\"@id\":\"https:\\\/\\\/feracheval.ca\\\/en\\\/#website\"},\"datePublished\":\"2020-02-18T14:20:38+00:00\",\"dateModified\":\"2020-04-26T16:10:15+00:00\",\"description\":\"Snowmobile album. NEW! Off-road snowmobile at only 5 to 10 kilometers from the outfitter, off-road enthusiasts. Perfect for some boost of adrenaline...\",\"breadcrumb\":{\"@id\":\"https:\\\/\\\/feracheval.ca\\\/en\\\/snowmobile-album\\\/#breadcrumb\"},\"inLanguage\":\"en-US\",\"potentialAction\":[{\"@type\":\"ReadAction\",\"target\":[\"https:\\\/\\\/feracheval.ca\\\/en\\\/snowmobile-album\\\/\"]}]},{\"@type\":\"BreadcrumbList\",\"@id\":\"https:\\\/\\\/feracheval.ca\\\/en\\\/snowmobile-album\\\/#breadcrumb\",\"itemListElement\":[{\"@type\":\"ListItem\",\"position\":1,\"name\":\"Accueil\",\"item\":\"https:\\\/\\\/feracheval.ca\\\/en\\\/\"},{\"@type\":\"ListItem\",\"position\":2,\"name\":\"Snowmobile album\"}]},{\"@type\":\"WebSite\",\"@id\":\"https:\\\/\\\/feracheval.ca\\\/en\\\/#website\",\"url\":\"https:\\\/\\\/feracheval.ca\\\/en\\\/\",\"name\":\"My Site\",\"description\":\"Du r\u00eave \u00e0 la r\u00e9alit\u00e9\",\"potentialAction\":[{\"@type\":\"SearchAction\",\"target\":{\"@type\":\"EntryPoint\",\"urlTemplate\":\"https:\\\/\\\/feracheval.ca\\\/en\\\/?s={search_term_string}\"},\"query-input\":{\"@type\":\"PropertyValueSpecification\",\"valueRequired\":true,\"valueName\":\"search_term_string\"}}],\"inLanguage\":\"en-US\"}]}<\/script>\n<!-- \/ Yoast SEO plugin. -->","yoast_head_json":{"title":"Snowmobile album - My Site","description":"Snowmobile album. NEW! Off-road snowmobile at only 5 to 10 kilometers from the outfitter, off-road enthusiasts. Perfect for some boost of adrenaline...","robots":{"index":"index","follow":"follow","max-snippet":"max-snippet:-1","max-image-preview":"max-image-preview:large","max-video-preview":"max-video-preview:-1"},"canonical":"https:\/\/feracheval.ca\/en\/snowmobile-album\/","og_locale":"en_US","og_type":"article","og_title":"Snowmobile album - My Site","og_description":"Snowmobile album. NEW! Off-road snowmobile at only 5 to 10 kilometers from the outfitter, off-road enthusiasts. Perfect for some boost of adrenaline...","og_url":"https:\/\/feracheval.ca\/en\/snowmobile-album\/","og_site_name":"My Site","article_modified_time":"2020-04-26T16:10:15+00:00","twitter_card":"summary_large_image","schema":{"@context":"https:\/\/schema.org","@graph":[{"@type":"WebPage","@id":"https:\/\/feracheval.ca\/en\/snowmobile-album\/","url":"https:\/\/feracheval.ca\/en\/snowmobile-album\/","name":"Snowmobile album - My Site","isPartOf":{"@id":"https:\/\/feracheval.ca\/en\/#website"},"datePublished":"2020-02-18T14:20:38+00:00","dateModified":"2020-04-26T16:10:15+00:00","description":"Snowmobile album. NEW! Off-road snowmobile at only 5 to 10 kilometers from the outfitter, off-road enthusiasts. Perfect for some boost of adrenaline...","breadcrumb":{"@id":"https:\/\/feracheval.ca\/en\/snowmobile-album\/#breadcrumb"},"inLanguage":"en-US","potentialAction":[{"@type":"ReadAction","target":["https:\/\/feracheval.ca\/en\/snowmobile-album\/"]}]},{"@type":"BreadcrumbList","@id":"https:\/\/feracheval.ca\/en\/snowmobile-album\/#breadcrumb","itemListElement":[{"@type":"ListItem","position":1,"name":"Accueil","item":"https:\/\/feracheval.ca\/en\/"},{"@type":"ListItem","position":2,"name":"Snowmobile album"}]},{"@type":"WebSite","@id":"https:\/\/feracheval.ca\/en\/#website","url":"https:\/\/feracheval.ca\/en\/","name":"My Site","description":"Du r\u00eave \u00e0 la r\u00e9alit\u00e9","potentialAction":[{"@type":"SearchAction","target":{"@type":"EntryPoint","urlTemplate":"https:\/\/feracheval.ca\/en\/?s={search_term_string}"},"query-input":{"@type":"PropertyValueSpecification","valueRequired":true,"valueName":"search_term_string"}}],"inLanguage":"en-US"}]}},"_links":{"self":[{"href":"https:\/\/feracheval.ca\/en\/wp-json\/wp\/v2\/pages\/15259","targetHints":{"allow":["GET"]}}],"collection":[{"href":"https:\/\/feracheval.ca\/en\/wp-json\/wp\/v2\/pages"}],"about":[{"href":"https:\/\/feracheval.ca\/en\/wp-json\/wp\/v2\/types\/page"}],"author":[{"embeddable":true,"href":"https:\/\/feracheval.ca\/en\/wp-json\/wp\/v2\/users\/1"}],"replies":[{"embeddable":true,"href":"https:\/\/feracheval.ca\/en\/wp-json\/wp\/v2\/comments?post=15259"}],"version-history":[{"count":1,"href":"https:\/\/feracheval.ca\/en\/wp-json\/wp\/v2\/pages\/15259\/revisions"}],"predecessor-version":[{"id":15260,"href":"https:\/\/feracheval.ca\/en\/wp-json\/wp\/v2\/pages\/15259\/revisions\/15260"}],"wp:attachment":[{"href":"https:\/\/feracheval.ca\/en\/wp-json\/wp\/v2\/media?parent=15259"}],"curies":[{"name":"wp","href":"https:\/\/api.w.org\/{rel}","templated":true}]}}