{"id":15305,"date":"2020-02-18T14:58:05","date_gmt":"2020-02-18T19:58:05","guid":{"rendered":"https:\/\/feracheval.ca\/?page_id=15305"},"modified":"2021-01-05T10:01:37","modified_gmt":"2021-01-05T15:01:37","slug":"videos-2","status":"publish","type":"page","link":"https:\/\/feracheval.ca\/en\/videos-2\/","title":{"rendered":"Videos"},"content":{"rendered":"<p>[et_pb_section fb_built=&#8221;1&#8243; _builder_version=&#8221;4.0.11&#8243;][et_pb_row column_structure=&#8221;1_2,1_2&#8243; make_equal=&#8221;on&#8221; _builder_version=&#8221;4.0.11&#8243;][et_pb_column type=&#8221;1_2&#8243; _builder_version=&#8221;4.0.11&#8243; custom_padding=&#8221;2%|1%|1%|1%|false|true&#8221; border_width_all=&#8221;1px&#8221;][et_pb_text _builder_version=&#8221;4.0.11&#8243; header_2_font=&#8221;|||on|||||&#8221; header_2_font_size=&#8221;19px&#8221; custom_margin=&#8221;||14px|||&#8221; hover_enabled=&#8221;0&#8243;]<\/p>\n<h2>Petit gibier \u00e0 Fer-\u00e0-Cheval<\/h2>\n<p>Bonne Chasse Saison 23 &#8211; \u00c9pisode 8<\/p>\n<p>[\/et_pb_text][et_pb_video src=&#8221;https:\/\/youtu.be\/7Qf2i5F-DCg&#8221; _builder_version=&#8221;4.0.11&#8243; hover_enabled=&#8221;0&#8243;][\/et_pb_video][\/et_pb_column][et_pb_column type=&#8221;1_2&#8243; _builder_version=&#8221;4.0.11&#8243; custom_padding=&#8221;2%|1%|1%|1%|false|true&#8221; border_width_all=&#8221;1px&#8221;][et_pb_text _builder_version=&#8221;4.0.11&#8243; header_2_font=&#8221;|||on|||||&#8221; header_2_font_size=&#8221;19px&#8221; custom_margin=&#8221;||14px|||&#8221; hover_enabled=&#8221;0&#8243;]<\/p>\n<h2>Dor\u00e9 et brochet \u00e0 Fer-\u00e0-Cheval<\/h2>\n<p>Bonne P\u00eache Saison 23 &#8211; \u00c9pisode 8<\/p>\n<p>[\/et_pb_text][et_pb_video src=&#8221;https:\/\/youtu.be\/9kd9Csrl3jY&#8221; _builder_version=&#8221;4.0.11&#8243; hover_enabled=&#8221;0&#8243;][\/et_pb_video][\/et_pb_column][\/et_pb_row][et_pb_row column_structure=&#8221;1_2,1_2&#8243; make_equal=&#8221;on&#8221; _builder_version=&#8221;4.0.11&#8243;][et_pb_column type=&#8221;1_2&#8243; _builder_version=&#8221;4.0.11&#8243; custom_padding=&#8221;2%|1%|1%|1%|false|true&#8221; border_width_all=&#8221;1px&#8221;][et_pb_text _builder_version=&#8221;4.0.11&#8243; header_2_font=&#8221;|||on|||||&#8221; header_2_font_size=&#8221;19px&#8221; custom_margin=&#8221;||14px|||&#8221;]<\/p>\n<h2>Motoneige Hors Piste au Fer \u00e0 Cheval<\/h2>\n<p>Les adeptes de la motoneige hors piste ont acc\u00e8s \u00e0 de fortes doses d\u2019adr\u00e9naline sur un immense terrain de jeu!<\/p>\n<p>[\/et_pb_text][et_pb_video src=&#8221;https:\/\/youtu.be\/6sXPbq5JQko&#8221; _builder_version=&#8221;4.0.11&#8243;][\/et_pb_video][\/et_pb_column][et_pb_column type=&#8221;1_2&#8243; _builder_version=&#8221;4.0.11&#8243; custom_padding=&#8221;2%|1%|1%|1%|false|true&#8221; border_width_all=&#8221;1px&#8221;][et_pb_text _builder_version=&#8221;4.0.11&#8243; header_2_font=&#8221;|||on|||||&#8221; header_2_font_size=&#8221;19px&#8221; custom_margin=&#8221;||14px|||&#8221;]<\/p>\n<h2>Voyage de p\u00eache avec Norman Byrns<\/h2>\n<p>Le Fer \u00e0 Cheval accueille les gagnants de la promotion Deschamps Automobile de Ste-Julie<\/p>\n<p>[\/et_pb_text][et_pb_video src=&#8221;https:\/\/youtu.be\/p84Zf0GWJjQ&#8221; _builder_version=&#8221;4.0.11&#8243;][\/et_pb_video][\/et_pb_column][\/et_pb_row][et_pb_row column_structure=&#8221;1_2,1_2&#8243; make_equal=&#8221;on&#8221; _builder_version=&#8221;4.0.11&#8243;][et_pb_column type=&#8221;1_2&#8243; _builder_version=&#8221;4.0.11&#8243; custom_padding=&#8221;2%|1%|1%|1%|false|true&#8221; border_width_all=&#8221;1px&#8221;][et_pb_text _builder_version=&#8221;4.0.11&#8243; header_2_font=&#8221;|||on|||||&#8221; header_2_font_size=&#8221;19px&#8221; custom_margin=&#8221;||14px|||&#8221;]<\/p>\n<h2>Exp\u00e9dition\u00a0Faune 2018<\/h2>\n<p>St\u00e9phane accompagn\u00e9 de Louis Jean de TVA SPORTS p\u00eache le dor\u00e9 \u00e0 la pourvoirie Fer \u00e0 Cheval (Episode 12).<\/p>\n<p>[\/et_pb_text][et_pb_video src=&#8221;https:\/\/youtu.be\/ET8VhkUY_bk&#8221; _builder_version=&#8221;4.0.11&#8243;][\/et_pb_video][\/et_pb_column][et_pb_column type=&#8221;1_2&#8243; _builder_version=&#8221;4.0.11&#8243; custom_padding=&#8221;2%|1%|1%|1%|false|true&#8221; border_width_all=&#8221;1px&#8221;][et_pb_text _builder_version=&#8221;4.0.11&#8243; header_2_font=&#8221;|||on|||||&#8221; header_2_font_size=&#8221;19px&#8221; custom_margin=&#8221;||14px|||&#8221;]<\/p>\n<h2>Chasse \u00e0 l&#8217;ours avec Norman Byrns<\/h2>\n<p>Tourn\u00e9 par l&#8217;\u00e9mission Bonne Chasse<br \/>Saison 21 &#8211; \u00c9pisode 2.<\/p>\n<p>[\/et_pb_text][et_pb_video src=&#8221;https:\/\/youtu.be\/PzoOgUJ9csY&#8221; _builder_version=&#8221;4.0.11&#8243;][\/et_pb_video][\/et_pb_column][\/et_pb_row][et_pb_row column_structure=&#8221;1_2,1_2&#8243; make_equal=&#8221;on&#8221; _builder_version=&#8221;4.0.11&#8243;][et_pb_column type=&#8221;1_2&#8243; _builder_version=&#8221;4.0.11&#8243; custom_padding=&#8221;2%|1%|1%|1%|false|true&#8221; border_width_all=&#8221;1px&#8221;][et_pb_text _builder_version=&#8221;4.0.11&#8243; header_2_font=&#8221;|||on|||||&#8221; header_2_font_size=&#8221;19px&#8221; custom_margin=&#8221;||14px|||&#8221;]<\/p>\n<h2>Kevin Boudreau<\/h2>\n<p>Kevin Boudreau remet \u00e0 l&#8217;eau sa belle prise d&#8217;un dor\u00e9 de 28 pouces sur la rivi\u00e8re Bazin \u00e0 la pourvoirie du Fer \u00e0 Cheval. Hautes-Laurentides, QC.<\/p>\n<p>[\/et_pb_text][et_pb_video src=&#8221;https:\/\/youtu.be\/zlfwuRZQfMA&#8221; _builder_version=&#8221;4.0.11&#8243;][\/et_pb_video][\/et_pb_column][et_pb_column type=&#8221;1_2&#8243; _builder_version=&#8221;4.0.11&#8243; custom_padding=&#8221;2%|1%|1%|1%|false|true&#8221; border_width_all=&#8221;1px&#8221;][et_pb_text _builder_version=&#8221;4.0.11&#8243; header_2_font=&#8221;|||on|||||&#8221; header_2_font_size=&#8221;19px&#8221; custom_margin=&#8221;||14px|||&#8221;]<\/p>\n<h2>Chasse \u00e0 l&#8217;orignal Groupe Damico Charbonneau \u00e0 la pourvoirie Fer \u00e0 Cheval<\/h2>\n<p>Des clients heureux de leur chasse \u00e0 l&#8217;orignal. Montage vid\u00e9o fait par le groupe. Des chasseurs enthousiastes. A l&#8217;ann\u00e9e prochaine!<\/p>\n<p>[\/et_pb_text][et_pb_video src=&#8221;https:\/\/youtu.be\/i0w4vnjumiE&#8221; _builder_version=&#8221;4.0.11&#8243;][\/et_pb_video][\/et_pb_column][\/et_pb_row][et_pb_row column_structure=&#8221;1_2,1_2&#8243; make_equal=&#8221;on&#8221; _builder_version=&#8221;4.0.11&#8243;][et_pb_column type=&#8221;1_2&#8243; _builder_version=&#8221;4.0.11&#8243; custom_padding=&#8221;2%|1%|1%|1%|false|true&#8221; border_width_all=&#8221;1px&#8221;][et_pb_text _builder_version=&#8221;4.0.11&#8243; header_2_font=&#8221;|||on|||||&#8221; header_2_font_size=&#8221;19px&#8221; custom_margin=&#8221;||14px|||&#8221;]<\/p>\n<h2 class=\"title style-scope ytd-video-primary-info-renderer\">Chasse au Petit Gibier &#8211; Expedition Faune<\/h2>\n<p>[\/et_pb_text][et_pb_video src=&#8221;https:\/\/youtu.be\/jDUOCiBYRsI&#8221; _builder_version=&#8221;4.0.11&#8243;][\/et_pb_video][\/et_pb_column][et_pb_column type=&#8221;1_2&#8243; _builder_version=&#8221;4.0.11&#8243; custom_padding=&#8221;2%|1%|1%|1%|false|true&#8221; border_width_all=&#8221;1px&#8221;][et_pb_text _builder_version=&#8221;4.0.11&#8243; header_2_font=&#8221;|||on|||||&#8221; header_2_font_size=&#8221;19px&#8221; custom_margin=&#8221;||14px|||&#8221;]<\/p>\n<h2 class=\"title style-scope ytd-video-primary-info-renderer\">Un orignal s&#8217;acharne sur notre camion!<\/h2>\n<p>[\/et_pb_text][et_pb_video src=&#8221;https:\/\/youtu.be\/japDZdWMTUU&#8221; _builder_version=&#8221;4.0.11&#8243;][\/et_pb_video][\/et_pb_column][\/et_pb_row][et_pb_row column_structure=&#8221;1_2,1_2&#8243; make_equal=&#8221;on&#8221; _builder_version=&#8221;4.0.11&#8243;][et_pb_column type=&#8221;1_2&#8243; _builder_version=&#8221;4.0.11&#8243; custom_padding=&#8221;2%|1%|1%|1%|false|true&#8221; border_width_all=&#8221;1px&#8221;][et_pb_text _builder_version=&#8221;4.0.11&#8243; header_2_font=&#8221;|||on|||||&#8221; header_2_font_size=&#8221;19px&#8221; custom_margin=&#8221;||14px|||&#8221;]<\/p>\n<h2 class=\"title style-scope ytd-video-primary-info-renderer\">Au Fer \u00e0 Cheval, on s&#8217;amuse avec l&#8217;orignal &#8211; 4<\/h2>\n<p>[\/et_pb_text][et_pb_video src=&#8221;https:\/\/youtu.be\/QJxetyCOi-w&#8221; _builder_version=&#8221;4.0.11&#8243;][\/et_pb_video][\/et_pb_column][et_pb_column type=&#8221;1_2&#8243; _builder_version=&#8221;4.0.11&#8243; custom_padding=&#8221;2%|1%|1%|1%|false|true&#8221; border_width_all=&#8221;1px&#8221;][et_pb_text _builder_version=&#8221;4.0.11&#8243; header_2_font=&#8221;|||on|||||&#8221; header_2_font_size=&#8221;19px&#8221; custom_margin=&#8221;||14px|||&#8221;]<\/p>\n<h2>Cyril Chauquet \u00e0 la qu\u00eate de brochets&#8230;<\/h2>\n<p>[\/et_pb_text][et_pb_video src=&#8221;https:\/\/youtu.be\/FjVNPUgHHDI&#8221; _builder_version=&#8221;4.0.11&#8243;][\/et_pb_video][\/et_pb_column][\/et_pb_row][et_pb_row column_structure=&#8221;1_2,1_2&#8243; make_equal=&#8221;on&#8221; _builder_version=&#8221;4.0.11&#8243;][et_pb_column type=&#8221;1_2&#8243; _builder_version=&#8221;4.0.11&#8243; custom_padding=&#8221;2%|1%|1%|1%|false|true&#8221; border_width_all=&#8221;1px&#8221;][et_pb_text _builder_version=&#8221;4.0.11&#8243; header_2_font=&#8221;|||on|||||&#8221; header_2_font_size=&#8221;19px&#8221; custom_margin=&#8221;||14px|||&#8221;]<\/p>\n<h2 class=\"title style-scope ytd-video-primary-info-renderer\">Gastronomie \u00e0 l&#8217;Auberge de la pourvoirie&#8230;<\/h2>\n<p>[\/et_pb_text][et_pb_video src=&#8221;https:\/\/youtu.be\/o7TkHsuuqRk&#8221; _builder_version=&#8221;4.0.11&#8243;][\/et_pb_video][\/et_pb_column][et_pb_column type=&#8221;1_2&#8243; _builder_version=&#8221;4.0.11&#8243; custom_padding=&#8221;2%|1%|1%|1%|false|true&#8221; border_width_all=&#8221;1px&#8221;][et_pb_text _builder_version=&#8221;4.0.11&#8243; header_2_font=&#8221;|||on|||||&#8221; header_2_font_size=&#8221;19px&#8221; custom_margin=&#8221;||14px|||&#8221;]<\/p>\n<h2>Sentier Quad Le Summum (Laurentides)<\/h2>\n<p>[\/et_pb_text][et_pb_video src=&#8221;https:\/\/youtu.be\/jMRoPdop3nA&#8221; _builder_version=&#8221;4.0.11&#8243;][\/et_pb_video][\/et_pb_column][\/et_pb_row][et_pb_row column_structure=&#8221;1_4,1_4,1_4,1_4&#8243; _builder_version=&#8221;4.0.11&#8243;][et_pb_column type=&#8221;1_4&#8243; _builder_version=&#8221;4.0.11&#8243;][et_pb_text _builder_version=&#8221;4.0.11&#8243;]<\/p>\n<p>Voir la cha\u00eene YouTube<\/p>\n<p>[\/et_pb_text][et_pb_image src=&#8221;https:\/\/feracheval.ca\/wp-content\/uploads\/2017\/12\/logo-chaine-youtube.png&#8221; url=&#8221;https:\/\/www.youtube.com\/user\/pourvoirieferacheval\/featured&#8221; url_new_window=&#8221;on&#8221; _builder_version=&#8221;4.0.11&#8243;][\/et_pb_image][\/et_pb_column][et_pb_column type=&#8221;1_4&#8243; _builder_version=&#8221;4.0.11&#8243;][\/et_pb_column][et_pb_column type=&#8221;1_4&#8243; _builder_version=&#8221;4.0.11&#8243;][\/et_pb_column][et_pb_column type=&#8221;1_4&#8243; _builder_version=&#8221;4.0.11&#8243;][\/et_pb_column][\/et_pb_row][\/et_pb_section]<\/p>\n","protected":false},"excerpt":{"rendered":"<p>[et_pb_section fb_built=&#8221;1&#8243; _builder_version=&#8221;4.0.11&#8243;][et_pb_row column_structure=&#8221;1_2,1_2&#8243; make_equal=&#8221;on&#8221; _builder_version=&#8221;4.0.11&#8243;][et_pb_column type=&#8221;1_2&#8243; _builder_version=&#8221;4.0.11&#8243; custom_padding=&#8221;2%|1%|1%|1%|false|true&#8221; border_width_all=&#8221;1px&#8221;][et_pb_text _builder_version=&#8221;4.0.11&#8243; header_2_font=&#8221;|||on|||||&#8221; header_2_font_size=&#8221;19px&#8221; custom_margin=&#8221;||14px|||&#8221; hover_enabled=&#8221;0&#8243;] Petit gibier \u00e0 Fer-\u00e0-Cheval Bonne Chasse Saison 23 &#8211; \u00c9pisode 8 [\/et_pb_text][et_pb_video src=&#8221;https:\/\/youtu.be\/7Qf2i5F-DCg&#8221; _builder_version=&#8221;4.0.11&#8243; hover_enabled=&#8221;0&#8243;][\/et_pb_video][\/et_pb_column][et_pb_column type=&#8221;1_2&#8243; _builder_version=&#8221;4.0.11&#8243; custom_padding=&#8221;2%|1%|1%|1%|false|true&#8221; border_width_all=&#8221;1px&#8221;][et_pb_text _builder_version=&#8221;4.0.11&#8243; header_2_font=&#8221;|||on|||||&#8221; header_2_font_size=&#8221;19px&#8221; custom_margin=&#8221;||14px|||&#8221; hover_enabled=&#8221;0&#8243;] Dor\u00e9 et brochet \u00e0 Fer-\u00e0-Cheval Bonne P\u00eache Saison 23 &#8211; \u00c9pisode 8 [\/et_pb_text][et_pb_video src=&#8221;https:\/\/youtu.be\/9kd9Csrl3jY&#8221; _builder_version=&#8221;4.0.11&#8243; hover_enabled=&#8221;0&#8243;][\/et_pb_video][\/et_pb_column][\/et_pb_row][et_pb_row [&hellip;]<\/p>\n","protected":false},"author":1,"featured_media":0,"parent":0,"menu_order":0,"comment_status":"closed","ping_status":"closed","template":"","meta":{"_et_pb_use_builder":"on","_et_pb_old_content":"","_monsterinsights_skip_tracking":false,"_monsterinsights_sitenote_active":false,"_monsterinsights_sitenote_note":"","_monsterinsights_sitenote_category":0,"ngg_post_thumbnail":0,"footnotes":""},"class_list":["post-15305","page","type-page","status-publish","hentry"],"yoast_head":"<!-- This site is optimized with the Yoast SEO plugin v27.5 - https:\/\/yoast.com\/product\/yoast-seo-wordpress\/ -->\n<title>Videos - My Site<\/title>\n<meta name=\"description\" content=\"Videos. Subscribe to our YouTube Channel and get access to thrilling videos catured by our clients and other on spot adventures....\" \/>\n<meta name=\"robots\" content=\"index, follow, max-snippet:-1, max-image-preview:large, max-video-preview:-1\" \/>\n<link rel=\"canonical\" href=\"https:\/\/feracheval.ca\/en\/videos-2\/\" \/>\n<meta property=\"og:locale\" content=\"en_US\" \/>\n<meta property=\"og:type\" content=\"article\" \/>\n<meta property=\"og:title\" content=\"Videos - My Site\" \/>\n<meta property=\"og:description\" content=\"Videos. Subscribe to our YouTube Channel and get access to thrilling videos catured by our clients and other on spot adventures....\" \/>\n<meta property=\"og:url\" content=\"https:\/\/feracheval.ca\/en\/videos-2\/\" \/>\n<meta property=\"og:site_name\" content=\"My Site\" \/>\n<meta property=\"article:modified_time\" content=\"2021-01-05T15:01:37+00:00\" \/>\n<meta name=\"twitter:card\" content=\"summary_large_image\" \/>\n<meta name=\"twitter:label1\" content=\"Est. reading time\" \/>\n\t<meta name=\"twitter:data1\" content=\"5 minutes\" \/>\n<script type=\"application\/ld+json\" class=\"yoast-schema-graph\">{\"@context\":\"https:\\\/\\\/schema.org\",\"@graph\":[{\"@type\":\"WebPage\",\"@id\":\"https:\\\/\\\/feracheval.ca\\\/en\\\/videos-2\\\/\",\"url\":\"https:\\\/\\\/feracheval.ca\\\/en\\\/videos-2\\\/\",\"name\":\"Videos - My Site\",\"isPartOf\":{\"@id\":\"https:\\\/\\\/feracheval.ca\\\/en\\\/#website\"},\"datePublished\":\"2020-02-18T19:58:05+00:00\",\"dateModified\":\"2021-01-05T15:01:37+00:00\",\"description\":\"Videos. Subscribe to our YouTube Channel and get access to thrilling videos catured by our clients and other on spot adventures....\",\"breadcrumb\":{\"@id\":\"https:\\\/\\\/feracheval.ca\\\/en\\\/videos-2\\\/#breadcrumb\"},\"inLanguage\":\"en-US\",\"potentialAction\":[{\"@type\":\"ReadAction\",\"target\":[\"https:\\\/\\\/feracheval.ca\\\/en\\\/videos-2\\\/\"]}]},{\"@type\":\"BreadcrumbList\",\"@id\":\"https:\\\/\\\/feracheval.ca\\\/en\\\/videos-2\\\/#breadcrumb\",\"itemListElement\":[{\"@type\":\"ListItem\",\"position\":1,\"name\":\"Accueil\",\"item\":\"https:\\\/\\\/feracheval.ca\\\/en\\\/\"},{\"@type\":\"ListItem\",\"position\":2,\"name\":\"Videos\"}]},{\"@type\":\"WebSite\",\"@id\":\"https:\\\/\\\/feracheval.ca\\\/en\\\/#website\",\"url\":\"https:\\\/\\\/feracheval.ca\\\/en\\\/\",\"name\":\"My Site\",\"description\":\"Du r\u00eave \u00e0 la r\u00e9alit\u00e9\",\"potentialAction\":[{\"@type\":\"SearchAction\",\"target\":{\"@type\":\"EntryPoint\",\"urlTemplate\":\"https:\\\/\\\/feracheval.ca\\\/en\\\/?s={search_term_string}\"},\"query-input\":{\"@type\":\"PropertyValueSpecification\",\"valueRequired\":true,\"valueName\":\"search_term_string\"}}],\"inLanguage\":\"en-US\"}]}<\/script>\n<!-- \/ Yoast SEO plugin. -->","yoast_head_json":{"title":"Videos - My Site","description":"Videos. Subscribe to our YouTube Channel and get access to thrilling videos catured by our clients and other on spot adventures....","robots":{"index":"index","follow":"follow","max-snippet":"max-snippet:-1","max-image-preview":"max-image-preview:large","max-video-preview":"max-video-preview:-1"},"canonical":"https:\/\/feracheval.ca\/en\/videos-2\/","og_locale":"en_US","og_type":"article","og_title":"Videos - My Site","og_description":"Videos. Subscribe to our YouTube Channel and get access to thrilling videos catured by our clients and other on spot adventures....","og_url":"https:\/\/feracheval.ca\/en\/videos-2\/","og_site_name":"My Site","article_modified_time":"2021-01-05T15:01:37+00:00","twitter_card":"summary_large_image","twitter_misc":{"Est. reading time":"5 minutes"},"schema":{"@context":"https:\/\/schema.org","@graph":[{"@type":"WebPage","@id":"https:\/\/feracheval.ca\/en\/videos-2\/","url":"https:\/\/feracheval.ca\/en\/videos-2\/","name":"Videos - My Site","isPartOf":{"@id":"https:\/\/feracheval.ca\/en\/#website"},"datePublished":"2020-02-18T19:58:05+00:00","dateModified":"2021-01-05T15:01:37+00:00","description":"Videos. Subscribe to our YouTube Channel and get access to thrilling videos catured by our clients and other on spot adventures....","breadcrumb":{"@id":"https:\/\/feracheval.ca\/en\/videos-2\/#breadcrumb"},"inLanguage":"en-US","potentialAction":[{"@type":"ReadAction","target":["https:\/\/feracheval.ca\/en\/videos-2\/"]}]},{"@type":"BreadcrumbList","@id":"https:\/\/feracheval.ca\/en\/videos-2\/#breadcrumb","itemListElement":[{"@type":"ListItem","position":1,"name":"Accueil","item":"https:\/\/feracheval.ca\/en\/"},{"@type":"ListItem","position":2,"name":"Videos"}]},{"@type":"WebSite","@id":"https:\/\/feracheval.ca\/en\/#website","url":"https:\/\/feracheval.ca\/en\/","name":"My Site","description":"Du r\u00eave \u00e0 la r\u00e9alit\u00e9","potentialAction":[{"@type":"SearchAction","target":{"@type":"EntryPoint","urlTemplate":"https:\/\/feracheval.ca\/en\/?s={search_term_string}"},"query-input":{"@type":"PropertyValueSpecification","valueRequired":true,"valueName":"search_term_string"}}],"inLanguage":"en-US"}]}},"_links":{"self":[{"href":"https:\/\/feracheval.ca\/en\/wp-json\/wp\/v2\/pages\/15305","targetHints":{"allow":["GET"]}}],"collection":[{"href":"https:\/\/feracheval.ca\/en\/wp-json\/wp\/v2\/pages"}],"about":[{"href":"https:\/\/feracheval.ca\/en\/wp-json\/wp\/v2\/types\/page"}],"author":[{"embeddable":true,"href":"https:\/\/feracheval.ca\/en\/wp-json\/wp\/v2\/users\/1"}],"replies":[{"embeddable":true,"href":"https:\/\/feracheval.ca\/en\/wp-json\/wp\/v2\/comments?post=15305"}],"version-history":[{"count":5,"href":"https:\/\/feracheval.ca\/en\/wp-json\/wp\/v2\/pages\/15305\/revisions"}],"predecessor-version":[{"id":16499,"href":"https:\/\/feracheval.ca\/en\/wp-json\/wp\/v2\/pages\/15305\/revisions\/16499"}],"wp:attachment":[{"href":"https:\/\/feracheval.ca\/en\/wp-json\/wp\/v2\/media?parent=15305"}],"curies":[{"name":"wp","href":"https:\/\/api.w.org\/{rel}","templated":true}]}}